{"id":173,"date":"2021-09-11T17:06:24","date_gmt":"2021-09-11T16:06:24","guid":{"rendered":"https:\/\/normandieheritage14.com\/?page_id=173"},"modified":"2025-05-18T14:25:50","modified_gmt":"2025-05-18T13:25:50","slug":"bedroom-1-chambre-1","status":"publish","type":"page","link":"https:\/\/normandieheritage14.com\/en\/bedroom-1-chambre-1\/","title":{"rendered":"Les Chambres du Cottage du Marais"},"content":{"rendered":"<h2><span style=\"color: #999999;\">La Suite des Cigognes:<\/span><\/h2>\n<p><span style=\"color: #999999;\"><a href=\"https:\/\/normandieheritage14.com\/wp-content\/uploads\/2021\/09\/grande-chambre-scaled.jpg\"><img loading=\"lazy\" decoding=\"async\" class=\"alignnone wp-image-177 size-full\" src=\"https:\/\/normandieheritage14.com\/wp-content\/uploads\/2021\/09\/grande-chambre-scaled.jpg\" alt=\"\" width=\"2560\" height=\"1398\" srcset=\"https:\/\/normandieheritage14.com\/wp-content\/uploads\/2021\/09\/grande-chambre-scaled.jpg 2560w, https:\/\/normandieheritage14.com\/wp-content\/uploads\/2021\/09\/grande-chambre-scaled-600x328.jpg 600w, https:\/\/normandieheritage14.com\/wp-content\/uploads\/2021\/09\/grande-chambre-300x164.jpg 300w, https:\/\/normandieheritage14.com\/wp-content\/uploads\/2021\/09\/grande-chambre-1024x559.jpg 1024w, https:\/\/normandieheritage14.com\/wp-content\/uploads\/2021\/09\/grande-chambre-768x419.jpg 768w, https:\/\/normandieheritage14.com\/wp-content\/uploads\/2021\/09\/grande-chambre-1536x839.jpg 1536w, https:\/\/normandieheritage14.com\/wp-content\/uploads\/2021\/09\/grande-chambre-2048x1118.jpg 2048w\" sizes=\"auto, (max-width: 2560px) 100vw, 2560px\" \/><\/a><\/span><\/p>\n<p><span style=\"color: #999999;\"><em><strong><span style=\"font-size: revert;\">Spacieuse, calme et connect\u00e9e \u2014 id\u00e9ale pour les familles ou le t\u00e9l\u00e9travail.<\/span><\/strong><\/em><\/span><\/p>\n<p class=\"\" data-start=\"2267\" data-end=\"2380\"><span style=\"color: #999999;\">Cette grande suite familiale m\u00eale <strong data-start=\"2328\" data-end=\"2363\">pierre, bois et confort moderne<\/strong>. Elle comprend :<\/span><\/p>\n<ul data-start=\"2381\" data-end=\"2589\">\n<li class=\"\" data-start=\"2381\" data-end=\"2397\">\n<p class=\"\" data-start=\"2383\" data-end=\"2397\"><span style=\"color: #999999;\">1 lit double<\/span><\/p>\n<\/li>\n<li class=\"\" data-start=\"2398\" data-end=\"2416\">\n<p class=\"\" data-start=\"2400\" data-end=\"2416\"><span style=\"color: #999999;\">2 lits simples<\/span><\/p>\n<\/li>\n<li class=\"\" data-start=\"2417\" data-end=\"2467\">\n<p class=\"\" data-start=\"2419\" data-end=\"2467\"><span style=\"color: #999999;\">Une salle d\u2019eau privative (douche, WC, lavabo)<\/span><\/p>\n<\/li>\n<li class=\"\" data-start=\"2468\" data-end=\"2495\">\n<p class=\"\" data-start=\"2470\" data-end=\"2495\"><span style=\"color: #999999;\">Une grande TV connect\u00e9e<\/span><\/p>\n<\/li>\n<li class=\"\" data-start=\"2496\" data-end=\"2589\">\n<p class=\"\" data-start=\"2498\" data-end=\"2589\"><span style=\"color: #999999;\">Et un <strong data-start=\"2504\" data-end=\"2521\">bureau ancien<\/strong>, parfait pour t\u00e9l\u00e9travailler avec <strong data-start=\"2556\" data-end=\"2588\">connexion fibre ultra-rapide<\/strong>.<\/span><\/p>\n<\/li>\n<\/ul>\n<p class=\"\" data-start=\"2591\" data-end=\"2721\"><span style=\"color: #999999;\"><strong data-start=\"2591\" data-end=\"2644\">Un havre de paix au c\u0153ur du Parc naturel r\u00e9gional<\/strong>, o\u00f9 l\u2019on peut observer les cigognes depuis les chemins de randonn\u00e9e voisins.<\/span><\/p>\n<p><a href=\"https:\/\/normandieheritage14.com\/wp-content\/uploads\/2021\/09\/Gd-chambre-vertical-2-scaled.jpg\"><img loading=\"lazy\" decoding=\"async\" class=\"wp-image-126 alignnone\" src=\"https:\/\/normandieheritage14.com\/wp-content\/uploads\/2021\/09\/Gd-chambre-vertical-2-169x300.jpg\" alt=\"\" width=\"174\" height=\"309\" srcset=\"https:\/\/normandieheritage14.com\/wp-content\/uploads\/2021\/09\/Gd-chambre-vertical-2-169x300.jpg 169w, https:\/\/normandieheritage14.com\/wp-content\/uploads\/2021\/09\/Gd-chambre-vertical-2-scaled-600x1067.jpg 600w, https:\/\/normandieheritage14.com\/wp-content\/uploads\/2021\/09\/Gd-chambre-vertical-2-576x1024.jpg 576w, https:\/\/normandieheritage14.com\/wp-content\/uploads\/2021\/09\/Gd-chambre-vertical-2-768x1366.jpg 768w, https:\/\/normandieheritage14.com\/wp-content\/uploads\/2021\/09\/Gd-chambre-vertical-2-864x1536.jpg 864w, https:\/\/normandieheritage14.com\/wp-content\/uploads\/2021\/09\/Gd-chambre-vertical-2-1152x2048.jpg 1152w, https:\/\/normandieheritage14.com\/wp-content\/uploads\/2021\/09\/Gd-chambre-vertical-2-scaled.jpg 1440w\" sizes=\"auto, (max-width: 174px) 100vw, 174px\" \/> \u00a0 \u00a0 <\/a><a href=\"https:\/\/normandieheritage14.com\/wp-content\/uploads\/2021\/09\/Gd-chambre-bureau-scaled.jpg\"><img loading=\"lazy\" decoding=\"async\" class=\"alignnone  wp-image-120\" src=\"https:\/\/normandieheritage14.com\/wp-content\/uploads\/2021\/09\/Gd-chambre-bureau-146x300.jpg\" alt=\"\" width=\"152\" height=\"312\" srcset=\"https:\/\/normandieheritage14.com\/wp-content\/uploads\/2021\/09\/Gd-chambre-bureau-146x300.jpg 146w, https:\/\/normandieheritage14.com\/wp-content\/uploads\/2021\/09\/Gd-chambre-bureau-scaled-600x1235.jpg 600w, https:\/\/normandieheritage14.com\/wp-content\/uploads\/2021\/09\/Gd-chambre-bureau-498x1024.jpg 498w, https:\/\/normandieheritage14.com\/wp-content\/uploads\/2021\/09\/Gd-chambre-bureau-768x1580.jpg 768w, https:\/\/normandieheritage14.com\/wp-content\/uploads\/2021\/09\/Gd-chambre-bureau-747x1536.jpg 747w, https:\/\/normandieheritage14.com\/wp-content\/uploads\/2021\/09\/Gd-chambre-bureau-996x2048.jpg 996w, https:\/\/normandieheritage14.com\/wp-content\/uploads\/2021\/09\/Gd-chambre-bureau-scaled.jpg 1244w\" sizes=\"auto, (max-width: 152px) 100vw, 152px\" \/><\/a>\u00a0 \u00a0 <a href=\"https:\/\/normandieheritage14.com\/wp-content\/uploads\/2021\/09\/Gd-chambre-TV-scaled.jpg\"><img loading=\"lazy\" decoding=\"async\" class=\"alignnone  wp-image-125\" src=\"https:\/\/normandieheritage14.com\/wp-content\/uploads\/2021\/09\/Gd-chambre-TV-146x300.jpg\" alt=\"\" width=\"153\" height=\"314\" srcset=\"https:\/\/normandieheritage14.com\/wp-content\/uploads\/2021\/09\/Gd-chambre-TV-146x300.jpg 146w, https:\/\/normandieheritage14.com\/wp-content\/uploads\/2021\/09\/Gd-chambre-TV-scaled-600x1235.jpg 600w, https:\/\/normandieheritage14.com\/wp-content\/uploads\/2021\/09\/Gd-chambre-TV-498x1024.jpg 498w, https:\/\/normandieheritage14.com\/wp-content\/uploads\/2021\/09\/Gd-chambre-TV-768x1580.jpg 768w, https:\/\/normandieheritage14.com\/wp-content\/uploads\/2021\/09\/Gd-chambre-TV-747x1536.jpg 747w, https:\/\/normandieheritage14.com\/wp-content\/uploads\/2021\/09\/Gd-chambre-TV-996x2048.jpg 996w, https:\/\/normandieheritage14.com\/wp-content\/uploads\/2021\/09\/Gd-chambre-TV-scaled.jpg 1244w\" sizes=\"auto, (max-width: 153px) 100vw, 153px\" \/>\u00a0 \u00a0 <\/a><a href=\"https:\/\/normandieheritage14.com\/wp-content\/uploads\/2021\/09\/Gd-chambre-salle-eau-scaled.jpg\"><img loading=\"lazy\" decoding=\"async\" class=\"alignnone  wp-image-124\" src=\"https:\/\/normandieheritage14.com\/wp-content\/uploads\/2021\/09\/Gd-chambre-salle-eau-167x300.jpg\" alt=\"\" width=\"173\" height=\"310\" srcset=\"https:\/\/normandieheritage14.com\/wp-content\/uploads\/2021\/09\/Gd-chambre-salle-eau-167x300.jpg 167w, https:\/\/normandieheritage14.com\/wp-content\/uploads\/2021\/09\/Gd-chambre-salle-eau-scaled-600x1080.jpg 600w, https:\/\/normandieheritage14.com\/wp-content\/uploads\/2021\/09\/Gd-chambre-salle-eau-569x1024.jpg 569w, https:\/\/normandieheritage14.com\/wp-content\/uploads\/2021\/09\/Gd-chambre-salle-eau-768x1382.jpg 768w, https:\/\/normandieheritage14.com\/wp-content\/uploads\/2021\/09\/Gd-chambre-salle-eau-1138x2048.jpg 1138w, https:\/\/normandieheritage14.com\/wp-content\/uploads\/2021\/09\/Gd-chambre-salle-eau-scaled.jpg 1422w\" sizes=\"auto, (max-width: 173px) 100vw, 173px\" \/><\/a><\/p><p id=\"Suite_Cigognes\"><\/p><hr class=\"wp-block-separator has-alpha-channel-opacity\"\/><h2 class=\"wp-block-heading\" id=\"Suite_Cigognes\">La chambre du Cr\u00e9puscule<\/h2><figure class=\"wp-block-image size-large\"><a href=\"https:\/\/normandieheritage14.com\/wp-content\/uploads\/2021\/09\/chambre-Bernard-2-scaled.jpg\"><img loading=\"lazy\" decoding=\"async\" width=\"1024\" height=\"498\" src=\"https:\/\/normandieheritage14.com\/wp-content\/uploads\/2021\/09\/chambre-Bernard-2-1024x498.jpg\" alt=\"G\u00eete Cottage du Marais Chambre 1\" class=\"wp-image-113\" srcset=\"https:\/\/normandieheritage14.com\/wp-content\/uploads\/2021\/09\/chambre-Bernard-2-1024x498.jpg 1024w, https:\/\/normandieheritage14.com\/wp-content\/uploads\/2021\/09\/chambre-Bernard-2-scaled-600x292.jpg 600w, https:\/\/normandieheritage14.com\/wp-content\/uploads\/2021\/09\/chambre-Bernard-2-300x146.jpg 300w, https:\/\/normandieheritage14.com\/wp-content\/uploads\/2021\/09\/chambre-Bernard-2-768x373.jpg 768w, https:\/\/normandieheritage14.com\/wp-content\/uploads\/2021\/09\/chambre-Bernard-2-1536x747.jpg 1536w, https:\/\/normandieheritage14.com\/wp-content\/uploads\/2021\/09\/chambre-Bernard-2-2048x996.jpg 2048w\" sizes=\"auto, (max-width: 1024px) 100vw, 1024px\" \/><\/a><\/figure><ul class=\"wp-block-list\"><li><\/li><\/ul><blockquote class=\"wp-block-quote is-layout-flow wp-block-quote-is-layout-flow\"><p>Tourn\u00e9e vers l\u2019Ouest, cette chambre au charme rustique profite de la lumi\u00e8re dor\u00e9e de fin de journ\u00e9e. Son plafond cath\u00e9drale met en valeur les poutres d\u2019origine. Parfaite pour les r\u00eaveurs et amateurs d\u2019atmosph\u00e8re cosy.<\/p><\/blockquote><ul class=\"wp-block-list\"><li>Lit double 140&#215;190 cm<\/li>\n\n<li>Plafond cath\u00e9drale en bois ancien<\/li>\n\n<li>Vue d\u00e9gag\u00e9e, lumi\u00e8re apaisante en fin de journ\u00e9e<\/li>\n\n<li>TV \u00e9cran plat<\/li>\n\n<li>Acc\u00e8s \u00e0 la salle d\u2019eau commune<\/li><\/ul><p><em>Un cocon propice \u00e0 la d\u00e9tente apr\u00e8s une journ\u00e9e de balade dans le Parc Naturel du marais du Cotentin.<\/em><\/p><figure class=\"wp-block-gallery has-nested-images columns-default is-cropped wp-block-gallery-1 is-layout-flex wp-block-gallery-is-layout-flex\"><figure class=\"wp-block-image size-large\"><a href=\"https:\/\/normandieheritage14.com\/wp-content\/uploads\/2021\/09\/Chambre-Bernard-3-scaled.jpg\"><img loading=\"lazy\" decoding=\"async\" width=\"594\" height=\"1024\" data-id=\"114\" src=\"https:\/\/normandieheritage14.com\/wp-content\/uploads\/2021\/09\/Chambre-Bernard-3-594x1024.jpg\" alt=\"G\u00eete Cottage du Marais Bderoom 1\" class=\"wp-image-114\" srcset=\"https:\/\/normandieheritage14.com\/wp-content\/uploads\/2021\/09\/Chambre-Bernard-3-594x1024.jpg 594w, https:\/\/normandieheritage14.com\/wp-content\/uploads\/2021\/09\/Chambre-Bernard-3-scaled-600x1034.jpg 600w, https:\/\/normandieheritage14.com\/wp-content\/uploads\/2021\/09\/Chambre-Bernard-3-174x300.jpg 174w, https:\/\/normandieheritage14.com\/wp-content\/uploads\/2021\/09\/Chambre-Bernard-3-768x1323.jpg 768w, https:\/\/normandieheritage14.com\/wp-content\/uploads\/2021\/09\/Chambre-Bernard-3-892x1536.jpg 892w, https:\/\/normandieheritage14.com\/wp-content\/uploads\/2021\/09\/Chambre-Bernard-3-1189x2048.jpg 1189w, https:\/\/normandieheritage14.com\/wp-content\/uploads\/2021\/09\/Chambre-Bernard-3-scaled.jpg 1486w\" sizes=\"auto, (max-width: 594px) 100vw, 594px\" \/><\/a><\/figure>\n\n<figure class=\"wp-block-image size-large\"><a href=\"https:\/\/normandieheritage14.com\/wp-content\/uploads\/2021\/09\/chambre-Bernard-scaled.jpg\"><img loading=\"lazy\" decoding=\"async\" width=\"629\" height=\"1024\" data-id=\"116\" src=\"https:\/\/normandieheritage14.com\/wp-content\/uploads\/2021\/09\/chambre-Bernard-629x1024.jpg\" alt=\"G\u00eete Cottage du Marais Chambre 1\" class=\"wp-image-116\" srcset=\"https:\/\/normandieheritage14.com\/wp-content\/uploads\/2021\/09\/chambre-Bernard-629x1024.jpg 629w, https:\/\/normandieheritage14.com\/wp-content\/uploads\/2021\/09\/chambre-Bernard-scaled-600x977.jpg 600w, https:\/\/normandieheritage14.com\/wp-content\/uploads\/2021\/09\/chambre-Bernard-184x300.jpg 184w, https:\/\/normandieheritage14.com\/wp-content\/uploads\/2021\/09\/chambre-Bernard-768x1251.jpg 768w, https:\/\/normandieheritage14.com\/wp-content\/uploads\/2021\/09\/chambre-Bernard-943x1536.jpg 943w, https:\/\/normandieheritage14.com\/wp-content\/uploads\/2021\/09\/chambre-Bernard-1258x2048.jpg 1258w, https:\/\/normandieheritage14.com\/wp-content\/uploads\/2021\/09\/chambre-Bernard-scaled.jpg 1572w\" sizes=\"auto, (max-width: 629px) 100vw, 629px\" \/><\/a><\/figure>\n\n<figure class=\"wp-block-image size-large\"><a href=\"https:\/\/normandieheritage14.com\/wp-content\/uploads\/2021\/09\/chambre-Bernard-4-scaled.jpg\"><img loading=\"lazy\" decoding=\"async\" width=\"1024\" height=\"498\" data-id=\"115\" src=\"https:\/\/normandieheritage14.com\/wp-content\/uploads\/2021\/09\/chambre-Bernard-4-1024x498.jpg\" alt=\"G\u00eete Cottage du Marais Bedroom 1\" class=\"wp-image-115\" srcset=\"https:\/\/normandieheritage14.com\/wp-content\/uploads\/2021\/09\/chambre-Bernard-4-1024x498.jpg 1024w, https:\/\/normandieheritage14.com\/wp-content\/uploads\/2021\/09\/chambre-Bernard-4-scaled-600x292.jpg 600w, https:\/\/normandieheritage14.com\/wp-content\/uploads\/2021\/09\/chambre-Bernard-4-300x146.jpg 300w, https:\/\/normandieheritage14.com\/wp-content\/uploads\/2021\/09\/chambre-Bernard-4-768x373.jpg 768w, https:\/\/normandieheritage14.com\/wp-content\/uploads\/2021\/09\/chambre-Bernard-4-1536x747.jpg 1536w, https:\/\/normandieheritage14.com\/wp-content\/uploads\/2021\/09\/chambre-Bernard-4-2048x996.jpg 2048w\" sizes=\"auto, (max-width: 1024px) 100vw, 1024px\" \/><\/a><\/figure><\/figure><hr class=\"wp-block-separator has-alpha-channel-opacity\"\/><h2 class=\"wp-block-heading\">La chambre de l&rsquo;Aube<\/h2><figure class=\"wp-block-image size-large\"><a href=\"https:\/\/normandieheritage14.com\/wp-content\/uploads\/2021\/09\/chambre-Lucas-scaled.jpg\"><img loading=\"lazy\" decoding=\"async\" width=\"768\" height=\"1024\" src=\"https:\/\/normandieheritage14.com\/wp-content\/uploads\/2021\/09\/chambre-Lucas-768x1024.jpg\" alt=\"G\u00eete Cottage du Marais Chambre 2\" class=\"wp-image-140\" srcset=\"https:\/\/normandieheritage14.com\/wp-content\/uploads\/2021\/09\/chambre-Lucas-768x1024.jpg 768w, https:\/\/normandieheritage14.com\/wp-content\/uploads\/2021\/09\/chambre-Lucas-scaled-600x800.jpg 600w, https:\/\/normandieheritage14.com\/wp-content\/uploads\/2021\/09\/chambre-Lucas-225x300.jpg 225w, https:\/\/normandieheritage14.com\/wp-content\/uploads\/2021\/09\/chambre-Lucas-1152x1536.jpg 1152w, https:\/\/normandieheritage14.com\/wp-content\/uploads\/2021\/09\/chambre-Lucas-1536x2048.jpg 1536w, https:\/\/normandieheritage14.com\/wp-content\/uploads\/2021\/09\/chambre-Lucas-scaled.jpg 1920w\" sizes=\"auto, (max-width: 768px) 100vw, 768px\" \/><\/a><\/figure><blockquote class=\"wp-block-quote is-layout-flow wp-block-quote-is-layout-flow\"><p>Une chambre lumineuse tourn\u00e9e vers l\u2019Est, baign\u00e9e par les premiers rayons du soleil. Plafond cath\u00e9drale typique des maisons d\u2019autrefois, lit double confortable, d\u00e9coration sobre et chaleureuse.<\/p><\/blockquote><ul class=\"wp-block-list\"><li>Exposition Est, id\u00e9ale pour les l\u00e8ve-t\u00f4t<\/li>\n\n<li>Lit double 140&#215;190 cm<\/li>\n\n<li>Ambiance douce et naturelle<\/li>\n\n<li>Acc\u00e8s rapide \u00e0 la salle d\u2019eau commune<\/li>\n\n<li>Calme absolu pour nuits reposantes<\/li><\/ul><p><em>Parfaite pour se ressourcer au r\u00e9veil, dans un cadre naturel et authentique.<\/em><\/p><hr class=\"wp-block-separator has-alpha-channel-opacity\"\/><h2 class=\"wp-block-heading\">Couchage d\u2019appoint au salon<\/h2><figure class=\"wp-block-image size-large\"><a href=\"https:\/\/normandieheritage14.com\/wp-content\/uploads\/2021\/09\/salon-3-scaled.jpg\"><img loading=\"lazy\" decoding=\"async\" width=\"1024\" height=\"768\" src=\"https:\/\/normandieheritage14.com\/wp-content\/uploads\/2021\/09\/salon-3-1024x768.jpg\" alt=\"Charme\" class=\"wp-image-163\" srcset=\"https:\/\/normandieheritage14.com\/wp-content\/uploads\/2021\/09\/salon-3-1024x768.jpg 1024w, https:\/\/normandieheritage14.com\/wp-content\/uploads\/2021\/09\/salon-3-scaled-600x450.jpg 600w, https:\/\/normandieheritage14.com\/wp-content\/uploads\/2021\/09\/salon-3-300x225.jpg 300w, https:\/\/normandieheritage14.com\/wp-content\/uploads\/2021\/09\/salon-3-768x576.jpg 768w, https:\/\/normandieheritage14.com\/wp-content\/uploads\/2021\/09\/salon-3-1536x1152.jpg 1536w, https:\/\/normandieheritage14.com\/wp-content\/uploads\/2021\/09\/salon-3-2048x1536.jpg 2048w\" sizes=\"auto, (max-width: 1024px) 100vw, 1024px\" \/><\/a><\/figure><p>\ud83d\udecb\ufe0f <strong>Canap\u00e9 convertible<\/strong><br>Le salon du rez-de-chauss\u00e9e dispose d\u2019un <strong>canap\u00e9 convertible<\/strong> confortable pouvant accueillir jusqu\u2019\u00e0 <strong>2 personnes<\/strong> suppl\u00e9mentaires.<\/p><p>\ud83d\udd25 <strong>Coin feu authentique<\/strong><br>Une <strong>nuit au coin du po\u00eale \u00e0 bois<\/strong> : une exp\u00e9rience chaleureuse, id\u00e9ale pour un s\u00e9jour cocooning en toute simplicit\u00e9.<\/p>","protected":false},"excerpt":{"rendered":"<p>La Suite des Cigognes: Spacieuse, calme et connect\u00e9e \u2014 id\u00e9ale pour les familles ou le t\u00e9l\u00e9travail. Cette grande suite familiale m\u00eale pierre, bois et confort moderne. Elle comprend : 1 lit double 2 lits simples Une salle d\u2019eau privative (douche, WC, lavabo) Une grande TV connect\u00e9e Et un bureau ancien, parfait pour t\u00e9l\u00e9travailler avec connexion [&hellip;]<\/p>\n","protected":false},"author":1,"featured_media":0,"parent":0,"menu_order":0,"comment_status":"closed","ping_status":"closed","template":"","meta":{"footnotes":""},"class_list":["post-173","page","type-page","status-publish","hentry","post"],"_links":{"self":[{"href":"https:\/\/normandieheritage14.com\/en\/wp-json\/wp\/v2\/pages\/173","targetHints":{"allow":["GET"]}}],"collection":[{"href":"https:\/\/normandieheritage14.com\/en\/wp-json\/wp\/v2\/pages"}],"about":[{"href":"https:\/\/normandieheritage14.com\/en\/wp-json\/wp\/v2\/types\/page"}],"author":[{"embeddable":true,"href":"https:\/\/normandieheritage14.com\/en\/wp-json\/wp\/v2\/users\/1"}],"replies":[{"embeddable":true,"href":"https:\/\/normandieheritage14.com\/en\/wp-json\/wp\/v2\/comments?post=173"}],"version-history":[{"count":10,"href":"https:\/\/normandieheritage14.com\/en\/wp-json\/wp\/v2\/pages\/173\/revisions"}],"predecessor-version":[{"id":470,"href":"https:\/\/normandieheritage14.com\/en\/wp-json\/wp\/v2\/pages\/173\/revisions\/470"}],"wp:attachment":[{"href":"https:\/\/normandieheritage14.com\/en\/wp-json\/wp\/v2\/media?parent=173"}],"curies":[{"name":"wp","href":"https:\/\/api.w.org\/{rel}","templated":true}]}}