{"id":2,"date":"2014-09-05T08:17:34","date_gmt":"2014-09-05T08:17:34","guid":{"rendered":"https:\/\/normandieheritage14.com\/?page_id=2"},"modified":"2025-05-21T17:07:34","modified_gmt":"2025-05-21T16:07:34","slug":"gite-cottage-du-marais","status":"publish","type":"page","link":"https:\/\/normandieheritage14.com\/en\/gite-cottage-du-marais\/","title":{"rendered":"2. Rent G\u00eete \u00ab\u00a0Le Cottage du Marais\u00a0\u00bb"},"content":{"rendered":"<h2><span style=\"color: #ffffff;\">Cottage du Marais: Welcome to Normandie on the landing beaches area \/ Bienvenue en Normandie au c\u0153ur des plages du d\u00e9barquement\u00a0<\/span><\/h2><figure class=\"wp-block-image size-large\"><a href=\"https:\/\/normandieheritage14.com\/wp-content\/uploads\/2021\/09\/Acceuil-scaled.jpg\"><img loading=\"lazy\" decoding=\"async\" width=\"1024\" height=\"450\" src=\"https:\/\/normandieheritage14.com\/wp-content\/uploads\/2021\/09\/Acceuil-1024x450.jpg\" alt=\"Cottage du Marais\" class=\"wp-image-241\" srcset=\"https:\/\/normandieheritage14.com\/wp-content\/uploads\/2021\/09\/Acceuil-1024x450.jpg 1024w, https:\/\/normandieheritage14.com\/wp-content\/uploads\/2021\/09\/Acceuil-scaled-600x264.jpg 600w, https:\/\/normandieheritage14.com\/wp-content\/uploads\/2021\/09\/Acceuil-300x132.jpg 300w, https:\/\/normandieheritage14.com\/wp-content\/uploads\/2021\/09\/Acceuil-768x337.jpg 768w, https:\/\/normandieheritage14.com\/wp-content\/uploads\/2021\/09\/Acceuil-1536x675.jpg 1536w, https:\/\/normandieheritage14.com\/wp-content\/uploads\/2021\/09\/Acceuil-2048x900.jpg 2048w\" sizes=\"auto, (max-width: 1024px) 100vw, 1024px\" \/><\/a><figcaption class=\"wp-element-caption\">Cottage du Marais<\/figcaption><\/figure><p><bdo lang=\"fr\" dir=\"ltr\">Cette location ind\u00e9pendante, restaur\u00e9<\/bdo><bdo lang=\"fr\" dir=\"ltr\">e<\/bdo> avec soin, vous plonge dans l\u2019ambiance douce de la Normandie d\u2019autrefois, tout en vous offrant un confort moderne et des \u00e9quipements pens\u00e9s pour votre bien-\u00eatre. Pierres apparentes, poutres anciennes, d\u00e9coration soign\u00e9e et jardin privatif : chaque d\u00e9tail invite au repos et \u00e0 la convivialit\u00e9.<br>Located near the Cotentin and Bessin Marshes Regional Natural Park, the cottage is also on the route of two hiking trails, perfect for nature lovers and outdoor explorers.<br>ou\u2019ll also find games and activities for children and enjoy ultra-fast fiber-optic internet, making it easy to combine rest with convenience.<\/p><p><\/p>","protected":false},"excerpt":{"rendered":"<p>Cottage du Marais: Welcome to Normandie on the landing beaches area \/ Bienvenue en Normandie au c\u0153ur des plages du d\u00e9barquement\u00a0 Cette location ind\u00e9pendante, restaur\u00e9e avec soin, vous plonge dans l\u2019ambiance douce de la Normandie d\u2019autrefois, tout en vous offrant un confort moderne et des \u00e9quipements pens\u00e9s pour votre bien-\u00eatre. Pierres apparentes, poutres anciennes, d\u00e9coration [&hellip;]<\/p>\n","protected":false},"author":1,"featured_media":241,"parent":0,"menu_order":0,"comment_status":"open","ping_status":"open","template":"","meta":{"footnotes":""},"class_list":["post-2","page","type-page","status-publish","has-post-thumbnail","hentry","post","post-with-thumbnail","post-with-thumbnail-large"],"_links":{"self":[{"href":"https:\/\/normandieheritage14.com\/en\/wp-json\/wp\/v2\/pages\/2","targetHints":{"allow":["GET"]}}],"collection":[{"href":"https:\/\/normandieheritage14.com\/en\/wp-json\/wp\/v2\/pages"}],"about":[{"href":"https:\/\/normandieheritage14.com\/en\/wp-json\/wp\/v2\/types\/page"}],"author":[{"embeddable":true,"href":"https:\/\/normandieheritage14.com\/en\/wp-json\/wp\/v2\/users\/1"}],"replies":[{"embeddable":true,"href":"https:\/\/normandieheritage14.com\/en\/wp-json\/wp\/v2\/comments?post=2"}],"version-history":[{"count":11,"href":"https:\/\/normandieheritage14.com\/en\/wp-json\/wp\/v2\/pages\/2\/revisions"}],"predecessor-version":[{"id":683,"href":"https:\/\/normandieheritage14.com\/en\/wp-json\/wp\/v2\/pages\/2\/revisions\/683"}],"wp:featuredmedia":[{"embeddable":true,"href":"https:\/\/normandieheritage14.com\/en\/wp-json\/wp\/v2\/media\/241"}],"wp:attachment":[{"href":"https:\/\/normandieheritage14.com\/en\/wp-json\/wp\/v2\/media?parent=2"}],"curies":[{"name":"wp","href":"https:\/\/api.w.org\/{rel}","templated":true}]}}