{"id":212,"date":"2021-09-12T09:20:15","date_gmt":"2021-09-12T08:20:15","guid":{"rendered":"https:\/\/normandieheritage14.com\/?page_id=212"},"modified":"2025-05-21T15:00:37","modified_gmt":"2025-05-21T14:00:37","slug":"page-dacceuil","status":"publish","type":"page","link":"https:\/\/normandieheritage14.com\/en\/","title":{"rendered":"Page d&rsquo;acceuil"},"content":{"rendered":"<div id=\"pl-212\"  class=\"panel-layout\" ><div id=\"pg-212-0\"  class=\"panel-grid panel-has-style\" ><div class=\"wide-grey siteorigin-panels-stretch panel-row-style panel-row-style-for-212-0\" data-stretch-type=\"full\" ><div id=\"pgc-212-0-0\"  class=\"panel-grid-cell\" ><div id=\"panel-212-0-0-0\" class=\"so-panel widget widget_headline-widget panel-first-child panel-last-child\" data-index=\"0\" >\t\t<h1>Bienvenue au Moulin de la Bretonni\u00e8re \/ Gite Cottage du Marais: 2 h\u00e9bergements de charme au c\u0153ur de la Normandie<\/h1>\n\t\t<div class=\"decoration\"><div class=\"decoration-inside\"><\/div><\/div>\n\t\t<h3><h2>Location saisonni\u00e8re G\u00eete et chambres d'h\u00f4te - Normandie Omaha Beach<h2><\/h3>\n\t\t<\/div><\/div><\/div><\/div><div id=\"pg-212-1\"  class=\"panel-grid panel-has-style\" ><div class=\"panel-row-style panel-row-style-for-212-1\" ><div id=\"pgc-212-1-0\"  class=\"panel-grid-cell panel-grid-cell-empty\" ><\/div><\/div><\/div><div id=\"pg-212-2\"  class=\"panel-grid panel-no-style\" ><div id=\"pgc-212-2-0\"  class=\"panel-grid-cell\" ><div id=\"panel-212-2-0-0\" class=\"so-panel widget widget_circleicon-widget panel-first-child panel-last-child\" data-index=\"1\" >\t\t<div class=\"circle-icon-box circle-icon-position-top circle-icon-hide-box circle-icon-size-medium \">\n\t\t\t\t\t\t\t<div class=\"circle-icon-wrapper\">\n\t\t\t\t\t\t\t\t\t\t<a href=\"\" class=\"link-icon\" target=\"_blank\">\t\t\t\t\t<div class=\"circle-icon\" >\n\t\t\t\t\t\t\t\t\t\t\t\t\t<div class=\"fa fa-home\" ><\/div>\n\t\t\t\t\t\t\t\t\t\t\t<\/div>\n\t\t\t\t\t<\/a>\t\t\t\t<\/div>\n\t\t\t\n\t\t\t\t\t\t\t<a href=\"\" class=\"link-title\" target=\"_blank\">\n\t\t\t\t\t\t\t\t\t\t<h4 style=\"color: #f9f9f9\">\n\t\t\t\t\tLe Cottage du Marais\t\t\t\t<\/h4>\n\t\t\t\t\t\t\t\t\t\t<\/a>\n\t\t\t\n\t\t\t\t\t\t\t<p class=\"text\" style=\"color: #f9f9f9\">DECOUVREZ<\/p>\n\t\t\t\t\t\t\t\t\t\t<a\n\t\t\t\t\thref=\"\"\n\t\t\t\t\tclass=\"more-button\"\n\t\t\t\t\ttarget=\"_blank\"\t\t\t\t\tstyle=\"color: #f9f9f9\"\t\t\t\t>\n\t\t\t\t\tMore Info <i><\/i>\n\t\t\t\t<\/a>\n\t\t\t\t\t<\/div>\n\t\t<\/div><\/div><div id=\"pgc-212-2-1\"  class=\"panel-grid-cell\" ><div id=\"panel-212-2-1-0\" class=\"so-panel widget widget_circleicon-widget panel-first-child panel-last-child\" data-index=\"2\" >\t\t<div class=\"circle-icon-box circle-icon-position-top circle-icon-hide-box circle-icon-size-medium \">\n\t\t\t\t\t\t\t<div class=\"circle-icon-wrapper\">\n\t\t\t\t\t\t\t\t\t\t<a href=\"\" class=\"link-icon\" target=\"_blank\">\t\t\t\t\t<div class=\"circle-icon icon-style-set\" style=\"background-image: url(https:\/\/normandieheritage14.com\/garden-jardin\/)\">\n\t\t\t\t\t\t\t\t\t\t\t\t\t<div class=\"fa fa-hotel\" ><\/div>\n\t\t\t\t\t\t\t\t\t\t\t<\/div>\n\t\t\t\t\t<\/a>\t\t\t\t<\/div>\n\t\t\t\n\t\t\t\t\t\t\t<a href=\"\" class=\"link-title\" target=\"_blank\">\n\t\t\t\t\t\t\t\t\t\t<h4 style=\"color: #f4f4f4\">\n\t\t\t\t\t\ud83c\udff0 Moulin de la Bretonni\u00e8re\t\t\t\t<\/h4>\n\t\t\t\t\t\t\t\t\t\t<\/a>\n\t\t\t\n\t\t\t\t\t\t\t<p class=\"text\" style=\"color: #f9f9f9\">DECOUVREZ<\/p>\n\t\t\t\t\t\t\t\t\t\t<a\n\t\t\t\t\thref=\"\"\n\t\t\t\t\tclass=\"more-button\"\n\t\t\t\t\ttarget=\"_blank\"\t\t\t\t\tstyle=\"color: #f9f9f9\"\t\t\t\t>\n\t\t\t\t\tMore Info <i><\/i>\n\t\t\t\t<\/a>\n\t\t\t\t\t<\/div>\n\t\t<\/div><\/div><div id=\"pgc-212-2-2\"  class=\"panel-grid-cell\" ><div id=\"panel-212-2-2-0\" class=\"so-panel widget widget_circleicon-widget panel-first-child panel-last-child\" data-index=\"3\" >\t\t<div class=\"circle-icon-box circle-icon-position-top circle-icon-hide-box circle-icon-size-medium \">\n\t\t\t\t\t\t\t<div class=\"circle-icon-wrapper\">\n\t\t\t\t\t\t\t\t\t\t<a href=\"\" class=\"link-icon\" target=\"_blank\">\t\t\t\t\t<div class=\"circle-icon icon-style-set\" style=\"background-image: url(https:\/\/normandieheritage14.com\/location-contacts\/)\">\n\t\t\t\t\t\t\t\t\t\t\t\t\t<div class=\"fa fa-envelope-square\" ><\/div>\n\t\t\t\t\t\t\t\t\t\t\t<\/div>\n\t\t\t\t\t<\/a>\t\t\t\t<\/div>\n\t\t\t\n\t\t\t\t\t\t\t<a href=\"\" class=\"link-title\" target=\"_blank\">\n\t\t\t\t\t\t\t\t\t\t<h4 style=\"color: #fcfcfc\">\n\t\t\t\t\tR\u00e9servation\t\t\t\t<\/h4>\n\t\t\t\t\t\t\t\t\t\t<\/a>\n\t\t\t\n\t\t\t\t\t\t\t<p class=\"text\" style=\"color: #ffffff\">CONTACTS<\/p>\n\t\t\t\t\t\t\t\t\t\t<a\n\t\t\t\t\thref=\"\"\n\t\t\t\t\tclass=\"more-button\"\n\t\t\t\t\ttarget=\"_blank\"\t\t\t\t\tstyle=\"color: #ffffff\"\t\t\t\t>\n\t\t\t\t\tMore Info <i><\/i>\n\t\t\t\t<\/a>\n\t\t\t\t\t<\/div>\n\t\t<\/div><\/div><\/div><div id=\"pg-212-3\"  class=\"panel-grid panel-no-style\" ><div id=\"pgc-212-3-0\"  class=\"panel-grid-cell\" ><div id=\"panel-212-3-0-0\" class=\"so-panel widget widget_siteorigin-panels-postloop panel-first-child panel-last-child\" data-index=\"4\" ><h3 class=\"widget-title\"><span class=\"vantage-carousel-title\"><span class=\"vantage-carousel-title-text\">Latest Posts<\/span><a href=\"#\" class=\"next\" title=\"Next\"><span class=\"vantage-icon-arrow-right\"><\/span><\/a><a href=\"#\" class=\"previous\" title=\"Previous\"><span class=\"vantage-icon-arrow-left\"><\/span><\/a><\/span><\/h3><div class=\"vantage-carousel-wrapper\">\n\t\n\t<ul class=\"vantage-carousel\" data-query=\"{&quot;post_status&quot;:&quot;publish&quot;,&quot;posts_per_page&quot;:4,&quot;post_type&quot;:&quot;post&quot;,&quot;tax_query_relation&quot;:&quot;OR&quot;,&quot;date_type&quot;:&quot;specific&quot;,&quot;orderby&quot;:&quot;date&quot;,&quot;order&quot;:&quot;DESC&quot;,&quot;post__not_in&quot;:[212,212],&quot;paged&quot;:1,&quot;fields&quot;:&quot;all&quot;,&quot;lazy_load_term_meta&quot;:true}\" data-ajax-url=\"https:\/\/normandieheritage14.com\/wp-admin\/admin-ajax.php\">\n\t\t\t<\/ul>\n<\/div>\n<\/div><\/div><div id=\"pgc-212-3-1\"  class=\"panel-grid-cell\" ><div id=\"panel-212-3-1-0\" class=\"so-panel widget widget_text panel-first-child panel-last-child\" data-index=\"5\" ><h3 class=\"widget-title\">Bienvenue<\/h3>\t\t\t<div class=\"textwidget\"><div class=\"edit-post-visual-editor__post-title-wrapper\">\n<div class=\"wp-block editor-post-title editor-post-title__block\">\n<p><strong>\ud83c\udf3f Deux lieux uniques pour une parenth\u00e8se en Normandie<\/strong><\/p>\n<p>Bienvenue au Cottage du Marais et au Moulin de la Bretonni\u00e8re, deux \u00e9crins de charme nich\u00e9s au c\u0153ur du Bessin, \u00e0 seulement 10 minutes des plages du D\u00e9barquement, entre Histoire, nature pr\u00e9serv\u00e9e et art de vivre normand.<\/p>\n<p><strong>\ud83c\udfe1 Le Cottage du Marais \u2013 Authentique, paisible, chaleureux<\/strong><\/p>\n<p>Ce g\u00eete ind\u00e9pendant, restaur\u00e9 avec soin, vous plonge dans l\u2019ambiance douce de la Normandie d\u2019autrefois, tout en vous offrant un confort moderne et des \u00e9quipements pens\u00e9s pour votre bien-\u00eatre. Pierres apparentes, poutres anciennes, d\u00e9coration soign\u00e9e et jardin privatif : chaque d\u00e9tail invite au repos et \u00e0 la convivialit\u00e9.<br \/>\nSitu\u00e9 au bord des marais du Cotentin et du Bessin, class\u00e9s Parc naturel r\u00e9gional, il est \u00e9galement travers\u00e9 par deux chemins de randonn\u00e9e parfaits pour les amoureux de nature et de balades.<br \/>\nVous profiterez aussi de jeux \u00e0 disposition pour les enfants et d\u2019une connexion internet en fibre optique ultra-rapide pour conjuguer d\u00e9tente et praticit\u00e9.<\/p>\n<hr class=\"\" data-start=\"1539\" data-end=\"1542\" \/>\n<p><strong>\ud83c\udf3e Le Moulin de la Bretonni\u00e8re \u2013 Insolite, vivant, authentique<\/strong><\/p>\n<p>Ce moulin du XVIIIe si\u00e8cle, \u00e0 l&rsquo;\u00e2me intacte, vous ouvre ses portes pour un s\u00e9jour hors du commun. Dans un cadre bucolique, vous dormirez au c\u0153ur d\u2019un v\u00e9ritable moulin \u00e0 eau, dont le m\u00e9canisme d\u2019origine tr\u00f4ne toujours fi\u00e8rement sous vos yeux.<br \/>\nLes chambres, confortables et r\u00e9nov\u00e9es avec go\u00fbt, allient cachet d\u2019antan et modernit\u00e9, pour une exp\u00e9rience aussi douce qu\u2019un r\u00e9veil au bord de l\u2019eau.<\/p>\n<p>Les enfants (et les plus grands !) seront ravis de rencontrer nos habitants \u00e0 quatre pattes : alpaga curieux, poneys mini-shetlands affectueux, et mouton camerounais paisible font le bonheur des visiteurs.<\/p>\n<p>De nombreux jeux ext\u00e9rieurs et int\u00e9rieurs sont \u00e9galement \u00e0 disposition pour partager des moments en famille ou entre amis.<\/p>\n<p><strong>\ud83c\udf0a Une r\u00e9gion riche \u00e0 explorer<\/strong><\/p>\n<p>\u00c0 seulement 10 minutes, partez sur les traces de l\u2019Histoire sur les plages embl\u00e9matiques d\u2019Omaha Beach, Utah Beach, ou dans les mus\u00e9es et lieux de m\u00e9moire tout proches.<br \/>\nLes marais du Cotentin, les villages typiques du Bessin, les activit\u00e9s nautiques, les march\u00e9s gourmands, les balades \u00e0 v\u00e9lo ou en barque, les visites de fermes ou encore les parcs de loisirs vous promettent un s\u00e9jour riche en d\u00e9couvertes, adapt\u00e9 \u00e0 tous les \u00e2ges et \u00e0 toutes les envies.<\/p>\n<p>\ud83c\udf1f Que vous choisissiez le charme intime du Cottage ou l\u2019ambiance insolite du Moulin, une chose est s\u00fbre : votre escapade en Normandie sera authentique, ressour\u00e7ante et inoubliable.<\/p>\n<p>\ud83d\udcc5 R\u00e9servez d\u00e8s maintenant votre s\u00e9jour au Cottage du Marais ou au Moulin de la Bretonni\u00e8re \u2013 et laissez la magie op\u00e9rer.<\/p>\n<\/div>\n<\/div>\n<\/div>\n\t\t<\/div><\/div><\/div><div id=\"pg-212-4\"  class=\"panel-grid panel-no-style\" ><div id=\"pgc-212-4-0\"  class=\"panel-grid-cell panel-grid-cell-empty\" ><\/div><\/div><\/div>","protected":false},"excerpt":{"rendered":"<p>Bienvenue au Moulin de la Bretonni\u00e8re \/ Gite Cottage du Marais: 2 h\u00e9bergements de charme au c\u0153ur de la Normandie Location saisonni\u00e8re G\u00eete et chambres d&rsquo;h\u00f4te &#8211; Normandie Omaha Beach Le Cottage du Marais DECOUVREZ More Info \ud83c\udff0 Moulin de la Bretonni\u00e8re DECOUVREZ More Info R\u00e9servation CONTACTS More Info Latest Posts Bienvenue \ud83c\udf3f Deux lieux [&hellip;]<\/p>\n","protected":false},"author":1,"featured_media":281,"parent":0,"menu_order":0,"comment_status":"closed","ping_status":"closed","template":"home-panels.php","meta":{"footnotes":""},"class_list":["post-212","page","type-page","status-publish","has-post-thumbnail","hentry","post","post-with-thumbnail","post-with-thumbnail-large"],"_links":{"self":[{"href":"https:\/\/normandieheritage14.com\/en\/wp-json\/wp\/v2\/pages\/212","targetHints":{"allow":["GET"]}}],"collection":[{"href":"https:\/\/normandieheritage14.com\/en\/wp-json\/wp\/v2\/pages"}],"about":[{"href":"https:\/\/normandieheritage14.com\/en\/wp-json\/wp\/v2\/types\/page"}],"author":[{"embeddable":true,"href":"https:\/\/normandieheritage14.com\/en\/wp-json\/wp\/v2\/users\/1"}],"replies":[{"embeddable":true,"href":"https:\/\/normandieheritage14.com\/en\/wp-json\/wp\/v2\/comments?post=212"}],"version-history":[{"count":26,"href":"https:\/\/normandieheritage14.com\/en\/wp-json\/wp\/v2\/pages\/212\/revisions"}],"predecessor-version":[{"id":240,"href":"https:\/\/normandieheritage14.com\/en\/wp-json\/wp\/v2\/pages\/212\/revisions\/240"}],"wp:featuredmedia":[{"embeddable":true,"href":"https:\/\/normandieheritage14.com\/en\/wp-json\/wp\/v2\/media\/281"}],"wp:attachment":[{"href":"https:\/\/normandieheritage14.com\/en\/wp-json\/wp\/v2\/media?parent=212"}],"curies":[{"name":"wp","href":"https:\/\/api.w.org\/{rel}","templated":true}]}}