{"id":432,"date":"2025-05-18T12:45:28","date_gmt":"2025-05-18T11:45:28","guid":{"rendered":"https:\/\/normandieheritage14.com\/?page_id=432"},"modified":"2025-05-18T14:10:11","modified_gmt":"2025-05-18T13:10:11","slug":"les-espaces-de-vie-du-cottage","status":"publish","type":"page","link":"https:\/\/normandieheritage14.com\/en\/les-espaces-de-vie-du-cottage\/","title":{"rendered":"Les espaces de vie du Cottage"},"content":{"rendered":"<div id=\"pl-432\"  class=\"panel-layout\" ><div id=\"pg-432-0\"  class=\"panel-grid panel-no-style\" ><div id=\"pgc-432-0-0\"  class=\"panel-grid-cell\" ><div id=\"panel-432-0-0-0\" class=\"so-panel widget widget_sow-editor panel-first-child panel-last-child\" data-index=\"0\" ><div\n\t\t\t\n\t\t\tclass=\"so-widget-sow-editor so-widget-sow-editor-base\"\n\t\t\t\n\t\t>\n<div class=\"siteorigin-widget-tinymce textwidget\">\n\t<hr style=\"border: none; border-top: 1px solid #aaa; margin: 30px 0; opacity: 0.5;\"\/>\n<h5><strong><span style=\"color: #999999;\">Cuisine familiale et fonctionnelle<\/span><\/strong><\/h5>\n<\/div>\n<\/div><\/div><\/div><\/div><div id=\"pg-432-1\"  class=\"panel-grid panel-no-style\" ><div id=\"pgc-432-1-0\"  class=\"panel-grid-cell\" ><div id=\"panel-432-1-0-0\" class=\"so-panel widget widget_sow-image panel-first-child\" data-index=\"1\" ><div\n\t\t\t\n\t\t\tclass=\"so-widget-sow-image so-widget-sow-image-default-4e6925654b7a-432\"\n\t\t\t\n\t\t>\n<div class=\"sow-image-container\">\n\t\t<img \n\tsrc=\"https:\/\/normandieheritage14.com\/wp-content\/uploads\/2021\/09\/Cuisine-vue-ouest-2-scaled.jpg\" width=\"2560\" height=\"1568\" srcset=\"https:\/\/normandieheritage14.com\/wp-content\/uploads\/2021\/09\/Cuisine-vue-ouest-2-scaled.jpg 2560w, https:\/\/normandieheritage14.com\/wp-content\/uploads\/2021\/09\/Cuisine-vue-ouest-2-scaled-600x368.jpg 600w, https:\/\/normandieheritage14.com\/wp-content\/uploads\/2021\/09\/Cuisine-vue-ouest-2-300x184.jpg 300w, https:\/\/normandieheritage14.com\/wp-content\/uploads\/2021\/09\/Cuisine-vue-ouest-2-1024x627.jpg 1024w, https:\/\/normandieheritage14.com\/wp-content\/uploads\/2021\/09\/Cuisine-vue-ouest-2-768x470.jpg 768w, https:\/\/normandieheritage14.com\/wp-content\/uploads\/2021\/09\/Cuisine-vue-ouest-2-1536x941.jpg 1536w, https:\/\/normandieheritage14.com\/wp-content\/uploads\/2021\/09\/Cuisine-vue-ouest-2-2048x1254.jpg 2048w\" sizes=\"(max-width: 2560px) 100vw, 2560px\" title=\"Cuisine familiale et fonctionnelle\" alt=\"G\u00eete Cottage du Marais Cuisine Vue Ouest\" \t\tclass=\"so-widget-image\"\/>\n\t<\/div>\n\n<\/div><\/div><div id=\"panel-432-1-0-1\" class=\"so-panel widget widget_sow-image panel-last-child\" data-index=\"2\" ><div\n\t\t\t\n\t\t\tclass=\"so-widget-sow-image so-widget-sow-image-default-8b5b6f678277-432\"\n\t\t\t\n\t\t>\n<div class=\"sow-image-container\">\n\t\t<img \n\tsrc=\"https:\/\/normandieheritage14.com\/wp-content\/uploads\/2021\/09\/296477782.jpg\" width=\"1024\" height=\"646\" srcset=\"https:\/\/normandieheritage14.com\/wp-content\/uploads\/2021\/09\/296477782.jpg 1024w, https:\/\/normandieheritage14.com\/wp-content\/uploads\/2021\/09\/296477782-600x379.jpg 600w, https:\/\/normandieheritage14.com\/wp-content\/uploads\/2021\/09\/296477782-300x189.jpg 300w, https:\/\/normandieheritage14.com\/wp-content\/uploads\/2021\/09\/296477782-768x485.jpg 768w\" sizes=\"(max-width: 1024px) 100vw, 1024px\" alt=\"G\u00eete Cottage du Marais Cuisine\" \t\tclass=\"so-widget-image\"\/>\n\t<\/div>\n\n<\/div><\/div><\/div><div id=\"pgc-432-1-1\"  class=\"panel-grid-cell\" ><div id=\"panel-432-1-1-0\" class=\"so-panel widget widget_sow-editor panel-first-child panel-last-child\" data-index=\"3\" ><div\n\t\t\t\n\t\t\tclass=\"so-widget-sow-editor so-widget-sow-editor-base\"\n\t\t\t\n\t\t>\n<div class=\"siteorigin-widget-tinymce textwidget\">\n\t<p><span style=\"color: #999999;\">Un charme rustique et tout le n\u00e9cessaire moderne :<\/span><br \/>\n<span style=\"color: #999999;\">- Four, plaques \u00e0 induction, grand r\u00e9frig\u00e9rateur<\/span><br \/>\n<span style=\"color: #999999;\">- Lave-vaisselle, cafeti\u00e8re, grille-pain<\/span><br \/>\n<span style=\"color: #999999;\">- Vaisselle et ustensiles complets<\/span><br \/>\n<span style=\"color: #999999;\">- Coin repas avec grande table en bois massif<\/span><\/p>\n<\/div>\n<\/div><\/div><\/div><\/div><div id=\"pg-432-2\"  class=\"panel-grid panel-no-style\" ><div id=\"pgc-432-2-0\"  class=\"panel-grid-cell\" ><div id=\"panel-432-2-0-0\" class=\"so-panel widget widget_sow-editor panel-first-child panel-last-child\" data-index=\"4\" ><div\n\t\t\t\n\t\t\tclass=\"so-widget-sow-editor so-widget-sow-editor-base\"\n\t\t\t\n\t\t>\n<div class=\"siteorigin-widget-tinymce textwidget\">\n\t<hr style=\"border: none; border-top: 1px solid #aaa; margin: 30px 0; opacity: 0.5;\"\/>\n<h5><span style=\"color: #999999;\">Un salon au charme d\u2019antan<\/span><\/h5>\n<\/div>\n<\/div><\/div><\/div><\/div><div id=\"pg-432-3\"  class=\"panel-grid panel-no-style\" ><div id=\"pgc-432-3-0\"  class=\"panel-grid-cell\" ><div id=\"panel-432-3-0-0\" class=\"so-panel widget widget_sow-image panel-first-child panel-last-child\" data-index=\"5\" ><div\n\t\t\t\n\t\t\tclass=\"so-widget-sow-image so-widget-sow-image-default-8b5b6f678277-432\"\n\t\t\t\n\t\t>\n<div class=\"sow-image-container\">\n\t\t<img \n\tsrc=\"https:\/\/normandieheritage14.com\/wp-content\/uploads\/2021\/09\/salon-3-scaled.jpg\" width=\"2560\" height=\"1920\" srcset=\"https:\/\/normandieheritage14.com\/wp-content\/uploads\/2021\/09\/salon-3-scaled.jpg 2560w, https:\/\/normandieheritage14.com\/wp-content\/uploads\/2021\/09\/salon-3-scaled-600x450.jpg 600w, https:\/\/normandieheritage14.com\/wp-content\/uploads\/2021\/09\/salon-3-300x225.jpg 300w, https:\/\/normandieheritage14.com\/wp-content\/uploads\/2021\/09\/salon-3-1024x768.jpg 1024w, https:\/\/normandieheritage14.com\/wp-content\/uploads\/2021\/09\/salon-3-768x576.jpg 768w, https:\/\/normandieheritage14.com\/wp-content\/uploads\/2021\/09\/salon-3-1536x1152.jpg 1536w, https:\/\/normandieheritage14.com\/wp-content\/uploads\/2021\/09\/salon-3-2048x1536.jpg 2048w\" sizes=\"(max-width: 2560px) 100vw, 2560px\" title=\"salon 3\" alt=\"Charme\" \t\tclass=\"so-widget-image\"\/>\n\t<\/div>\n\n<\/div><\/div><\/div><div id=\"pgc-432-3-1\"  class=\"panel-grid-cell\" ><div id=\"panel-432-3-1-0\" class=\"so-panel widget widget_sow-image panel-first-child panel-last-child\" data-index=\"6\" ><div\n\t\t\t\n\t\t\tclass=\"so-widget-sow-image so-widget-sow-image-default-8b5b6f678277-432\"\n\t\t\t\n\t\t>\n<div class=\"sow-image-container\">\n\t\t<img \n\tsrc=\"https:\/\/normandieheritage14.com\/wp-content\/uploads\/2025\/05\/20240504_120331-scaled.jpg\" width=\"1920\" height=\"2560\" srcset=\"https:\/\/normandieheritage14.com\/wp-content\/uploads\/2025\/05\/20240504_120331-scaled.jpg 1920w, https:\/\/normandieheritage14.com\/wp-content\/uploads\/2025\/05\/20240504_120331-225x300.jpg 225w, https:\/\/normandieheritage14.com\/wp-content\/uploads\/2025\/05\/20240504_120331-768x1024.jpg 768w, https:\/\/normandieheritage14.com\/wp-content\/uploads\/2025\/05\/20240504_120331-1152x1536.jpg 1152w, https:\/\/normandieheritage14.com\/wp-content\/uploads\/2025\/05\/20240504_120331-1536x2048.jpg 1536w, https:\/\/normandieheritage14.com\/wp-content\/uploads\/2025\/05\/20240504_120331-9x12.jpg 9w, https:\/\/normandieheritage14.com\/wp-content\/uploads\/2025\/05\/20240504_120331-1320x1760.jpg 1320w, https:\/\/normandieheritage14.com\/wp-content\/uploads\/2025\/05\/20240504_120331-600x800.jpg 600w\" sizes=\"(max-width: 1920px) 100vw, 1920px\" title=\"Salon\" alt=\"Po\u00eale\" \t\tclass=\"so-widget-image\"\/>\n\t<\/div>\n\n<\/div><\/div><\/div><div id=\"pgc-432-3-2\"  class=\"panel-grid-cell\" ><div id=\"panel-432-3-2-0\" class=\"so-panel widget widget_sow-editor panel-first-child panel-last-child\" data-index=\"7\" ><div\n\t\t\t\n\t\t\tclass=\"so-widget-sow-editor so-widget-sow-editor-base\"\n\t\t\t\n\t\t>\n<div class=\"siteorigin-widget-tinymce textwidget\">\n\t<p><span style=\"color: #999999;\">- Canap\u00e9 convertible 2 places et fauteuils confortables<\/span><br \/>\n<span style=\"color: #999999;\">- Biblioth\u00e8que et jeux de soci\u00e9t\u00e9<\/span><br \/>\n<span style=\"color: #999999;\">- Po\u00eale \u00e0 granules<\/span><br \/>\n<span style=\"color: #999999;\">- Une atmosph\u00e8re apaisante, comme chez soi<\/span><\/p>\n<\/div>\n<\/div><\/div><\/div><\/div><div id=\"pg-432-4\"  class=\"panel-grid panel-no-style\" ><div id=\"pgc-432-4-0\"  class=\"panel-grid-cell\" ><div id=\"panel-432-4-0-0\" class=\"so-panel widget widget_sow-editor panel-first-child panel-last-child\" data-index=\"8\" ><div\n\t\t\t\n\t\t\tclass=\"so-widget-sow-editor so-widget-sow-editor-base\"\n\t\t\t\n\t\t>\n<div class=\"siteorigin-widget-tinymce textwidget\">\n\t<hr style=\"border: none; border-top: 1px solid #aaa; margin: 30px 0; opacity: 0.5;\"\/>\n<h5><span style=\"color: #999999;\">Salle d\u2019eau du rez-de-chauss\u00e9e<\/span><\/h5>\n<\/div>\n<\/div><\/div><\/div><\/div><div id=\"pg-432-5\"  class=\"panel-grid panel-no-style\" ><div id=\"pgc-432-5-0\"  class=\"panel-grid-cell\" ><div id=\"panel-432-5-0-0\" class=\"so-panel widget widget_sow-image panel-first-child panel-last-child\" data-index=\"9\" ><div\n\t\t\t\n\t\t\tclass=\"so-widget-sow-image so-widget-sow-image-default-8b5b6f678277-432\"\n\t\t\t\n\t\t>\n<div class=\"sow-image-container\">\n\t\t<img \n\tsrc=\"https:\/\/normandieheritage14.com\/wp-content\/uploads\/2021\/09\/296477740.jpg\" width=\"909\" height=\"768\" srcset=\"https:\/\/normandieheritage14.com\/wp-content\/uploads\/2021\/09\/296477740.jpg 909w, https:\/\/normandieheritage14.com\/wp-content\/uploads\/2021\/09\/296477740-600x507.jpg 600w, https:\/\/normandieheritage14.com\/wp-content\/uploads\/2021\/09\/296477740-300x253.jpg 300w, https:\/\/normandieheritage14.com\/wp-content\/uploads\/2021\/09\/296477740-768x649.jpg 768w\" sizes=\"(max-width: 909px) 100vw, 909px\" title=\"Salle d&#039;eau du Rez de Chauss\u00e9e\" alt=\"G\u00eete Cottage du Marais Bathroom 1\" \t\tclass=\"so-widget-image\"\/>\n\t<\/div>\n\n<\/div><\/div><\/div><div id=\"pgc-432-5-1\"  class=\"panel-grid-cell\" ><div id=\"panel-432-5-1-0\" class=\"so-panel widget widget_sow-image panel-first-child panel-last-child\" data-index=\"10\" ><div\n\t\t\t\n\t\t\tclass=\"so-widget-sow-image so-widget-sow-image-default-8b5b6f678277-432\"\n\t\t\t\n\t\t>\n<div class=\"sow-image-container\">\n\t\t<img \n\tsrc=\"https:\/\/normandieheritage14.com\/wp-content\/uploads\/2021\/09\/Salle-eau-bas-scaled.jpg\" width=\"1299\" height=\"2560\" srcset=\"https:\/\/normandieheritage14.com\/wp-content\/uploads\/2021\/09\/Salle-eau-bas-scaled.jpg 1299w, https:\/\/normandieheritage14.com\/wp-content\/uploads\/2021\/09\/Salle-eau-bas-scaled-600x1182.jpg 600w, https:\/\/normandieheritage14.com\/wp-content\/uploads\/2021\/09\/Salle-eau-bas-152x300.jpg 152w, https:\/\/normandieheritage14.com\/wp-content\/uploads\/2021\/09\/Salle-eau-bas-520x1024.jpg 520w, https:\/\/normandieheritage14.com\/wp-content\/uploads\/2021\/09\/Salle-eau-bas-768x1514.jpg 768w, https:\/\/normandieheritage14.com\/wp-content\/uploads\/2021\/09\/Salle-eau-bas-779x1536.jpg 779w, https:\/\/normandieheritage14.com\/wp-content\/uploads\/2021\/09\/Salle-eau-bas-1039x2048.jpg 1039w\" sizes=\"(max-width: 1299px) 100vw, 1299px\" title=\"Lavabo\" alt=\"G\u00eete Cottage du Marais Salle d&#039;eau bas\" \t\tclass=\"so-widget-image\"\/>\n\t<\/div>\n\n<\/div><\/div><\/div><div id=\"pgc-432-5-2\"  class=\"panel-grid-cell\" ><div id=\"panel-432-5-2-0\" class=\"so-panel widget widget_sow-editor panel-first-child panel-last-child\" data-index=\"11\" ><div\n\t\t\t\n\t\t\tclass=\"so-widget-sow-editor so-widget-sow-editor-base\"\n\t\t\t\n\t\t>\n<div class=\"siteorigin-widget-tinymce textwidget\">\n\t<p><span style=\"color: #999999;\">Pratique et accessible :<\/span><br \/>\n<span style=\"color: #999999;\">- Douche \u00e0 l'italienne, lavabo, WC<\/span><br \/>\n<span style=\"color: #999999;\">- Id\u00e9ale apr\u00e8s une randonn\u00e9e ou pour les invit\u00e9s du rez-de-chauss\u00e9e<\/span><\/p>\n<\/div>\n<\/div><\/div><\/div><\/div><div id=\"pg-432-6\"  class=\"panel-grid panel-no-style\" ><div id=\"pgc-432-6-0\"  class=\"panel-grid-cell\" ><div id=\"panel-432-6-0-0\" class=\"so-panel widget widget_sow-editor panel-first-child panel-last-child\" data-index=\"12\" ><div\n\t\t\t\n\t\t\tclass=\"so-widget-sow-editor so-widget-sow-editor-base\"\n\t\t\t\n\t\t>\n<div class=\"siteorigin-widget-tinymce textwidget\">\n\t<hr style=\"border: none; border-top: 1px solid #aaa; margin: 30px 0; opacity: 0.5;\" \/>\n<h5><span style=\"color: #999999;\">\u00a0Espace de travail &amp; t\u00e9l\u00e9travail<\/span><\/h5>\n<\/div>\n<\/div><\/div><\/div><\/div><div id=\"pg-432-7\"  class=\"panel-grid panel-no-style\" ><div id=\"pgc-432-7-0\"  class=\"panel-grid-cell\" ><div id=\"panel-432-7-0-0\" class=\"so-panel widget widget_sow-image panel-first-child panel-last-child\" data-index=\"13\" ><div\n\t\t\t\n\t\t\tclass=\"so-widget-sow-image so-widget-sow-image-default-8b5b6f678277-432\"\n\t\t\t\n\t\t>\n<div class=\"sow-image-container\">\n\t\t<img \n\tsrc=\"https:\/\/normandieheritage14.com\/wp-content\/uploads\/2021\/09\/Gd-chambre-bureau-scaled.jpg\" width=\"1244\" height=\"2560\" srcset=\"https:\/\/normandieheritage14.com\/wp-content\/uploads\/2021\/09\/Gd-chambre-bureau-scaled.jpg 1244w, https:\/\/normandieheritage14.com\/wp-content\/uploads\/2021\/09\/Gd-chambre-bureau-scaled-600x1235.jpg 600w, https:\/\/normandieheritage14.com\/wp-content\/uploads\/2021\/09\/Gd-chambre-bureau-146x300.jpg 146w, https:\/\/normandieheritage14.com\/wp-content\/uploads\/2021\/09\/Gd-chambre-bureau-498x1024.jpg 498w, https:\/\/normandieheritage14.com\/wp-content\/uploads\/2021\/09\/Gd-chambre-bureau-768x1580.jpg 768w, https:\/\/normandieheritage14.com\/wp-content\/uploads\/2021\/09\/Gd-chambre-bureau-747x1536.jpg 747w\" sizes=\"(max-width: 1244px) 100vw, 1244px\" title=\"Suite des Cigognes \" alt=\"Suite des Cignognes Bureau Vintage\" \t\tclass=\"so-widget-image\"\/>\n\t<\/div>\n\n<h3 class=\"widget-title\">Suite des Cigognes <\/h3><\/div><\/div><\/div><div id=\"pgc-432-7-1\"  class=\"panel-grid-cell\" ><div id=\"panel-432-7-1-0\" class=\"so-panel widget widget_sow-editor panel-first-child panel-last-child\" data-index=\"14\" ><div\n\t\t\t\n\t\t\tclass=\"so-widget-sow-editor so-widget-sow-editor-base\"\n\t\t\t\n\t\t>\n<div class=\"siteorigin-widget-tinymce textwidget\">\n\t<p data-start=\"592\" data-end=\"620\"><span style=\"color: #999999;\">\ud83e\ude91 Deux espaces d\u00e9di\u00e9s :<\/span><\/p>\n<ul data-start=\"622\" data-end=\"1016\">\n<li class=\"\" data-start=\"622\" data-end=\"796\">\n<p data-start=\"624\" data-end=\"796\"><span style=\"color: #999999;\">\ud83e\ude9e <strong data-start=\"627\" data-end=\"646\">Un bureau priv\u00e9<\/strong> dans <em data-start=\"652\" data-end=\"675\">La Suite des Cigognes<\/em>, \u00e9quip\u00e9 d\u2019un bureau vintage en bois massif, dans une grande chambre lumineuse. Parfait pour travailler en toute intimit\u00e9.<\/span><\/p>\n<\/li>\n<li class=\"\" data-start=\"622\" data-end=\"796\">\n<p data-start=\"624\" data-end=\"796\"><span style=\"color: #999999;\">\ud83c\udf24\ufe0f <strong data-start=\"806\" data-end=\"833\">Un second espace bureau<\/strong> est situ\u00e9 sur le <strong data-start=\"851\" data-end=\"872\">palier de l\u2019\u00e9tage<\/strong>, face \u00e0 un <strong data-start=\"884\" data-end=\"893\">velux<\/strong> baignant la pi\u00e8ce de lumi\u00e8re naturelle. Un endroit paisible, propice \u00e0 la concentration, avec vue sur les toits du marais.<\/span><\/p>\n<\/li>\n<\/ul>\n<p data-start=\"1018\" data-end=\"1038\"><span style=\"color: #999999;\">\ud83c\udf10 \u00c9quipements :<\/span><\/p>\n<ul data-start=\"1040\" data-end=\"1223\">\n<li class=\"\" data-start=\"1040\" data-end=\"1098\">\n<p data-start=\"1042\" data-end=\"1098\"><span style=\"color: #999999;\">Connexion Internet <strong data-start=\"1061\" data-end=\"1098\">tr\u00e8s haut d\u00e9bit par fibre optique<\/strong><\/span><\/p>\n<\/li>\n<li class=\"\" data-start=\"1099\" data-end=\"1126\">\n<p data-start=\"1101\" data-end=\"1126\"><span style=\"color: #999999;\">Multiprises \u00e0 disposition<\/span><\/p>\n<\/li>\n<li class=\"\" data-start=\"1127\" data-end=\"1156\">\n<p data-start=\"1129\" data-end=\"1156\"><span style=\"color: #999999;\">Ambiance calme et reposante<\/span><\/p>\n<\/li>\n<li class=\"\" data-start=\"1157\" data-end=\"1223\">\n<p data-start=\"1159\" data-end=\"1223\"><span style=\"color: #999999;\">Parfait pour <strong data-start=\"1172\" data-end=\"1190\">digital nomads<\/strong> ou t\u00e9l\u00e9travailleurs occasionnels<\/span><\/p>\n<\/li>\n<\/ul>\n<\/div>\n<\/div><\/div><\/div><\/div><div id=\"pg-432-8\"  class=\"panel-grid panel-no-style\" ><div id=\"pgc-432-8-0\"  class=\"panel-grid-cell\" ><div id=\"panel-432-8-0-0\" class=\"so-panel widget widget_sow-image panel-first-child panel-last-child\" data-index=\"15\" ><div\n\t\t\t\n\t\t\tclass=\"so-widget-sow-image so-widget-sow-image-default-8b5b6f678277-432\"\n\t\t\t\n\t\t>\n<div class=\"sow-image-container\">\n\t\t<img \n\tsrc=\"https:\/\/normandieheritage14.com\/wp-content\/uploads\/2021\/09\/Pallier-scaled.jpg\" width=\"2560\" height=\"2017\" srcset=\"https:\/\/normandieheritage14.com\/wp-content\/uploads\/2021\/09\/Pallier-scaled.jpg 2560w, https:\/\/normandieheritage14.com\/wp-content\/uploads\/2021\/09\/Pallier-scaled-600x473.jpg 600w, https:\/\/normandieheritage14.com\/wp-content\/uploads\/2021\/09\/Pallier-300x236.jpg 300w, https:\/\/normandieheritage14.com\/wp-content\/uploads\/2021\/09\/Pallier-1024x807.jpg 1024w, https:\/\/normandieheritage14.com\/wp-content\/uploads\/2021\/09\/Pallier-768x605.jpg 768w, https:\/\/normandieheritage14.com\/wp-content\/uploads\/2021\/09\/Pallier-1536x1210.jpg 1536w, https:\/\/normandieheritage14.com\/wp-content\/uploads\/2021\/09\/Pallier-2048x1614.jpg 2048w\" sizes=\"(max-width: 2560px) 100vw, 2560px\" title=\"Pallier\" alt=\"G\u00eete Cottage du Marais Pallier\" \t\tclass=\"so-widget-image\"\/>\n\t<\/div>\n\n<\/div><\/div><\/div><div id=\"pgc-432-8-1\"  class=\"panel-grid-cell\" ><div id=\"panel-432-8-1-0\" class=\"so-panel widget widget_sow-image panel-first-child panel-last-child\" data-index=\"16\" ><div\n\t\t\t\n\t\t\tclass=\"so-widget-sow-image so-widget-sow-image-default-8b5b6f678277-432\"\n\t\t\t\n\t\t>\n<div class=\"sow-image-container\">\n\t\t<img \n\tsrc=\"https:\/\/normandieheritage14.com\/wp-content\/uploads\/2021\/09\/Pallier-bureau-scaled.jpg\" width=\"1244\" height=\"2560\" srcset=\"https:\/\/normandieheritage14.com\/wp-content\/uploads\/2021\/09\/Pallier-bureau-scaled.jpg 1244w, https:\/\/normandieheritage14.com\/wp-content\/uploads\/2021\/09\/Pallier-bureau-scaled-600x1235.jpg 600w, https:\/\/normandieheritage14.com\/wp-content\/uploads\/2021\/09\/Pallier-bureau-146x300.jpg 146w, https:\/\/normandieheritage14.com\/wp-content\/uploads\/2021\/09\/Pallier-bureau-498x1024.jpg 498w, https:\/\/normandieheritage14.com\/wp-content\/uploads\/2021\/09\/Pallier-bureau-768x1580.jpg 768w, https:\/\/normandieheritage14.com\/wp-content\/uploads\/2021\/09\/Pallier-bureau-747x1536.jpg 747w\" sizes=\"(max-width: 1244px) 100vw, 1244px\" title=\"Pallier bureau\" alt=\"G\u00eete Cottage du Marais Pallier 2\" \t\tclass=\"so-widget-image\"\/>\n\t<\/div>\n\n<\/div><\/div><\/div><\/div><\/div>","protected":false},"excerpt":{"rendered":"<p>Cuisine familiale et fonctionnelle Un charme rustique et tout le n\u00e9cessaire moderne : &#8211; Four, plaques \u00e0 induction, grand r\u00e9frig\u00e9rateur &#8211; Lave-vaisselle, cafeti\u00e8re, grille-pain &#8211; Vaisselle et ustensiles complets &#8211; Coin repas avec grande table en bois massif<\/p>","protected":false},"author":1,"featured_media":0,"parent":0,"menu_order":0,"comment_status":"closed","ping_status":"closed","template":"","meta":{"footnotes":""},"class_list":["post-432","page","type-page","status-publish","hentry","post"],"_links":{"self":[{"href":"https:\/\/normandieheritage14.com\/en\/wp-json\/wp\/v2\/pages\/432","targetHints":{"allow":["GET"]}}],"collection":[{"href":"https:\/\/normandieheritage14.com\/en\/wp-json\/wp\/v2\/pages"}],"about":[{"href":"https:\/\/normandieheritage14.com\/en\/wp-json\/wp\/v2\/types\/page"}],"author":[{"embeddable":true,"href":"https:\/\/normandieheritage14.com\/en\/wp-json\/wp\/v2\/users\/1"}],"replies":[{"embeddable":true,"href":"https:\/\/normandieheritage14.com\/en\/wp-json\/wp\/v2\/comments?post=432"}],"version-history":[{"count":23,"href":"https:\/\/normandieheritage14.com\/en\/wp-json\/wp\/v2\/pages\/432\/revisions"}],"predecessor-version":[{"id":463,"href":"https:\/\/normandieheritage14.com\/en\/wp-json\/wp\/v2\/pages\/432\/revisions\/463"}],"wp:attachment":[{"href":"https:\/\/normandieheritage14.com\/en\/wp-json\/wp\/v2\/media?parent=432"}],"curies":[{"name":"wp","href":"https:\/\/api.w.org\/{rel}","templated":true}]}}