{"id":534,"date":"2025-05-18T20:12:34","date_gmt":"2025-05-18T19:12:34","guid":{"rendered":"https:\/\/normandieheritage14.com\/?page_id=534"},"modified":"2025-05-18T20:12:34","modified_gmt":"2025-05-18T19:12:34","slug":"les-hautes-loges-du-meunier","status":"publish","type":"page","link":"https:\/\/normandieheritage14.com\/en\/les-hautes-loges-du-meunier\/","title":{"rendered":"Les Hautes-Loges du Meunier"},"content":{"rendered":"<div id=\"pl-534\"  class=\"panel-layout\" ><div id=\"pg-534-0\"  class=\"panel-grid panel-no-style\" ><div id=\"pgc-534-0-0\"  class=\"panel-grid-cell\" ><div id=\"panel-534-0-0-0\" class=\"so-panel widget widget_sow-editor panel-first-child panel-last-child\" data-index=\"0\" ><div\n\t\t\t\n\t\t\tclass=\"so-widget-sow-editor so-widget-sow-editor-base\"\n\t\t\t\n\t\t>\n<div class=\"siteorigin-widget-tinymce textwidget\">\n\t<p><span style=\"color: #999999;\">Situ\u00e9 dans les \u00e9tages sup\u00e9rieurs du Moulin de la Bretonni\u00e8re, cet h\u00e9bergement atypique vous plonge dans l\u2019univers d\u2019autrefois, lorsque les sacs de bl\u00e9 montaient jusqu\u2019aux meules gr\u00e2ce aux cordages que vous retrouverez encore dans l\u2019une des chambres.<\/span><\/p>\n<hr style=\"border: 0; border-top: 1px solid #c0b7aa; margin: 30px 0;\"\/>\n<h4 class=\"\" data-start=\"614\" data-end=\"667\"><span style=\"color: #999999;\">Un h\u00e9bergement familial compos\u00e9 de deux chambres<\/span><\/h4>\n<\/div>\n<\/div><\/div><\/div><\/div><div id=\"pg-534-1\"  class=\"panel-grid panel-no-style\" ><div id=\"pgc-534-1-0\"  class=\"panel-grid-cell\" ><div id=\"panel-534-1-0-0\" class=\"so-panel widget widget_sow-image panel-first-child panel-last-child\" data-index=\"1\" ><div\n\t\t\t\n\t\t\tclass=\"so-widget-sow-image so-widget-sow-image-default-8b5b6f678277-534\"\n\t\t\t\n\t\t>\n<div class=\"sow-image-container\">\n\t\t<img \n\tsrc=\"https:\/\/normandieheritage14.com\/wp-content\/uploads\/2025\/05\/chambre-double-appoint-scaled.jpg\" width=\"1920\" height=\"2560\" srcset=\"https:\/\/normandieheritage14.com\/wp-content\/uploads\/2025\/05\/chambre-double-appoint-scaled.jpg 1920w, https:\/\/normandieheritage14.com\/wp-content\/uploads\/2025\/05\/chambre-double-appoint-225x300.jpg 225w, https:\/\/normandieheritage14.com\/wp-content\/uploads\/2025\/05\/chambre-double-appoint-768x1024.jpg 768w, https:\/\/normandieheritage14.com\/wp-content\/uploads\/2025\/05\/chambre-double-appoint-1152x1536.jpg 1152w, https:\/\/normandieheritage14.com\/wp-content\/uploads\/2025\/05\/chambre-double-appoint-1536x2048.jpg 1536w, https:\/\/normandieheritage14.com\/wp-content\/uploads\/2025\/05\/chambre-double-appoint-9x12.jpg 9w, https:\/\/normandieheritage14.com\/wp-content\/uploads\/2025\/05\/chambre-double-appoint-1320x1760.jpg 1320w, https:\/\/normandieheritage14.com\/wp-content\/uploads\/2025\/05\/chambre-double-appoint-600x800.jpg 600w\" sizes=\"(max-width: 1920px) 100vw, 1920px\" title=\"2\u00e8me \u00e9tage\" alt=\"Les Hautes-Loges du Meunier\" \t\tclass=\"so-widget-image\"\/>\n\t<\/div>\n\n<\/div><\/div><\/div><div id=\"pgc-534-1-1\"  class=\"panel-grid-cell\" ><div id=\"panel-534-1-1-0\" class=\"so-panel widget widget_sow-image panel-first-child panel-last-child\" data-index=\"2\" ><div\n\t\t\t\n\t\t\tclass=\"so-widget-sow-image so-widget-sow-image-default-8b5b6f678277-534\"\n\t\t\t\n\t\t>\n<div class=\"sow-image-container\">\n\t\t<img \n\tsrc=\"https:\/\/normandieheritage14.com\/wp-content\/uploads\/2025\/05\/20230808_151732-scaled.jpg\" width=\"2560\" height=\"1920\" srcset=\"https:\/\/normandieheritage14.com\/wp-content\/uploads\/2025\/05\/20230808_151732-scaled.jpg 2560w, https:\/\/normandieheritage14.com\/wp-content\/uploads\/2025\/05\/20230808_151732-300x225.jpg 300w, https:\/\/normandieheritage14.com\/wp-content\/uploads\/2025\/05\/20230808_151732-1024x768.jpg 1024w, https:\/\/normandieheritage14.com\/wp-content\/uploads\/2025\/05\/20230808_151732-768x576.jpg 768w, https:\/\/normandieheritage14.com\/wp-content\/uploads\/2025\/05\/20230808_151732-1536x1152.jpg 1536w, https:\/\/normandieheritage14.com\/wp-content\/uploads\/2025\/05\/20230808_151732-2048x1536.jpg 2048w, https:\/\/normandieheritage14.com\/wp-content\/uploads\/2025\/05\/20230808_151732-16x12.jpg 16w, https:\/\/normandieheritage14.com\/wp-content\/uploads\/2025\/05\/20230808_151732-1320x990.jpg 1320w, https:\/\/normandieheritage14.com\/wp-content\/uploads\/2025\/05\/20230808_151732-600x450.jpg 600w\" sizes=\"(max-width: 2560px) 100vw, 2560px\" title=\"20230808_151732\" alt=\"\" \t\tclass=\"so-widget-image\"\/>\n\t<\/div>\n\n<\/div><\/div><\/div><div id=\"pgc-534-1-2\"  class=\"panel-grid-cell\" ><div id=\"panel-534-1-2-0\" class=\"so-panel widget widget_sow-image panel-first-child panel-last-child\" data-index=\"3\" ><div\n\t\t\t\n\t\t\tclass=\"so-widget-sow-image so-widget-sow-image-default-8b5b6f678277-534\"\n\t\t\t\n\t\t>\n<div class=\"sow-image-container\">\n\t\t<img \n\tsrc=\"https:\/\/normandieheritage14.com\/wp-content\/uploads\/2025\/05\/20230727_121054-scaled.jpg\" width=\"2560\" height=\"1657\" srcset=\"https:\/\/normandieheritage14.com\/wp-content\/uploads\/2025\/05\/20230727_121054-scaled.jpg 2560w, https:\/\/normandieheritage14.com\/wp-content\/uploads\/2025\/05\/20230727_121054-300x194.jpg 300w, https:\/\/normandieheritage14.com\/wp-content\/uploads\/2025\/05\/20230727_121054-1024x663.jpg 1024w, https:\/\/normandieheritage14.com\/wp-content\/uploads\/2025\/05\/20230727_121054-768x497.jpg 768w, https:\/\/normandieheritage14.com\/wp-content\/uploads\/2025\/05\/20230727_121054-1536x994.jpg 1536w, https:\/\/normandieheritage14.com\/wp-content\/uploads\/2025\/05\/20230727_121054-2048x1325.jpg 2048w, https:\/\/normandieheritage14.com\/wp-content\/uploads\/2025\/05\/20230727_121054-18x12.jpg 18w, https:\/\/normandieheritage14.com\/wp-content\/uploads\/2025\/05\/20230727_121054-1320x854.jpg 1320w, https:\/\/normandieheritage14.com\/wp-content\/uploads\/2025\/05\/20230727_121054-600x388.jpg 600w\" sizes=\"(max-width: 2560px) 100vw, 2560px\" title=\"20230727_121054\" alt=\"\" \t\tclass=\"so-widget-image\"\/>\n\t<\/div>\n\n<\/div><\/div><\/div><\/div><div id=\"pg-534-2\"  class=\"panel-grid panel-no-style\" ><div id=\"pgc-534-2-0\"  class=\"panel-grid-cell\" ><div id=\"panel-534-2-0-0\" class=\"so-panel widget widget_sow-editor panel-first-child panel-last-child\" data-index=\"4\" ><div\n\t\t\t\n\t\t\tclass=\"so-widget-sow-editor so-widget-sow-editor-base\"\n\t\t\t\n\t\t>\n<div class=\"siteorigin-widget-tinymce textwidget\">\n\t<p><span style=\"color: #999999;\">Chaque chambre est \u00e9quip\u00e9e d\u2019un <strong>lit double (140x190)<\/strong> et d\u2019un <strong>lit simple<\/strong>, avec une ambiance chaleureuse et authentique. L\u2019une d\u2019elles conserve encore les <em>cordages d\u2019\u00e9poque<\/em> utilis\u00e9s pour hisser les sacs de bl\u00e9 vers la meule.<\/span><\/p>\n<h4 class=\"\" data-start=\"614\" data-end=\"667\"><\/h4>\n<\/div>\n<\/div><\/div><\/div><\/div><div id=\"pg-534-3\"  class=\"panel-grid panel-no-style\" ><div id=\"pgc-534-3-0\"  class=\"panel-grid-cell\" ><div id=\"panel-534-3-0-0\" class=\"so-panel widget widget_sow-editor panel-first-child panel-last-child\" data-index=\"5\" ><div\n\t\t\t\n\t\t\tclass=\"so-widget-sow-editor so-widget-sow-editor-base\"\n\t\t\t\n\t\t>\n<div class=\"siteorigin-widget-tinymce textwidget\">\n\t<hr style=\"border: 0; border-top: 1px solid #c0b7aa; margin: 30px 0;\"\/>\n<h3 data-start=\"614\" data-end=\"667\"><span style=\"color: #999999;\">Un palier d\u00e9tente<\/span><\/h3>\n<\/div>\n<\/div><\/div><\/div><\/div><div id=\"pg-534-4\"  class=\"panel-grid panel-no-style\" ><div id=\"pgc-534-4-0\"  class=\"panel-grid-cell\" ><div id=\"panel-534-4-0-0\" class=\"so-panel widget widget_sow-image panel-first-child panel-last-child\" data-index=\"6\" ><div\n\t\t\t\n\t\t\tclass=\"so-widget-sow-image so-widget-sow-image-default-8b5b6f678277-534\"\n\t\t\t\n\t\t>\n<div class=\"sow-image-container\">\n\t\t<img \n\tsrc=\"https:\/\/normandieheritage14.com\/wp-content\/uploads\/2025\/05\/Palier-2eme-etage-scaled.jpg\" width=\"2560\" height=\"1920\" srcset=\"https:\/\/normandieheritage14.com\/wp-content\/uploads\/2025\/05\/Palier-2eme-etage-scaled.jpg 2560w, https:\/\/normandieheritage14.com\/wp-content\/uploads\/2025\/05\/Palier-2eme-etage-300x225.jpg 300w, https:\/\/normandieheritage14.com\/wp-content\/uploads\/2025\/05\/Palier-2eme-etage-1024x768.jpg 1024w, https:\/\/normandieheritage14.com\/wp-content\/uploads\/2025\/05\/Palier-2eme-etage-768x576.jpg 768w, https:\/\/normandieheritage14.com\/wp-content\/uploads\/2025\/05\/Palier-2eme-etage-1536x1152.jpg 1536w, https:\/\/normandieheritage14.com\/wp-content\/uploads\/2025\/05\/Palier-2eme-etage-2048x1536.jpg 2048w, https:\/\/normandieheritage14.com\/wp-content\/uploads\/2025\/05\/Palier-2eme-etage-16x12.jpg 16w, https:\/\/normandieheritage14.com\/wp-content\/uploads\/2025\/05\/Palier-2eme-etage-1320x990.jpg 1320w, https:\/\/normandieheritage14.com\/wp-content\/uploads\/2025\/05\/Palier-2eme-etage-600x450.jpg 600w\" sizes=\"(max-width: 2560px) 100vw, 2560px\" title=\"Palier d\u00e9tente\" alt=\"Palier d\u00e9tente\" \t\tclass=\"so-widget-image\"\/>\n\t<\/div>\n\n<\/div><\/div><\/div><div id=\"pgc-534-4-1\"  class=\"panel-grid-cell\" ><div id=\"panel-534-4-1-0\" class=\"so-panel widget widget_sow-editor panel-first-child panel-last-child\" data-index=\"7\" ><div\n\t\t\t\n\t\t\tclass=\"so-widget-sow-editor so-widget-sow-editor-base\"\n\t\t\t\n\t\t>\n<div class=\"siteorigin-widget-tinymce textwidget\">\n\t<p><span style=\"color: #999999;\">Un palier commun relie les deux chambres. Il offre un petit espace avec une table et de quoi pr\u00e9parer une boisson chaude \u2013 parfait pour un r\u00e9veil paisible ou une pause en toute simplicit\u00e9.<\/span><\/p>\n<p><span style=\"color: #999999;\">Petit d\u00e9jeuner en option (12\u20ac\/pers) servie sur le pallier ou dans la cour du moulin face \u00e0 la roue<\/span><\/p>\n<\/div>\n<\/div><\/div><\/div><\/div><div id=\"pg-534-5\"  class=\"panel-grid panel-no-style\" ><div id=\"pgc-534-5-0\"  class=\"panel-grid-cell\" ><div id=\"panel-534-5-0-0\" class=\"so-panel widget widget_sow-editor panel-first-child panel-last-child\" data-index=\"8\" ><div\n\t\t\t\n\t\t\tclass=\"so-widget-sow-editor so-widget-sow-editor-base\"\n\t\t\t\n\t\t>\n<div class=\"siteorigin-widget-tinymce textwidget\">\n\t<hr style=\"border: 0; border-top: 1px solid #c0b7aa; margin: 30px 0;\"\/>\n<h3><span style=\"color: #808080;\">Salle d\u2019eau vintage<\/span><\/h3>\n<\/div>\n<\/div><\/div><\/div><\/div><div id=\"pg-534-6\"  class=\"panel-grid panel-no-style\" ><div id=\"pgc-534-6-0\"  class=\"panel-grid-cell\" ><div id=\"panel-534-6-0-0\" class=\"so-panel widget widget_sow-image panel-first-child panel-last-child\" data-index=\"9\" ><div\n\t\t\t\n\t\t\tclass=\"so-widget-sow-image so-widget-sow-image-default-8b5b6f678277-534\"\n\t\t\t\n\t\t>\n<div class=\"sow-image-container\">\n\t\t<img \n\tsrc=\"https:\/\/normandieheritage14.com\/wp-content\/uploads\/2025\/05\/Salle-de-bain-scaled.jpg\" width=\"2560\" height=\"2529\" srcset=\"https:\/\/normandieheritage14.com\/wp-content\/uploads\/2025\/05\/Salle-de-bain-scaled.jpg 2560w, https:\/\/normandieheritage14.com\/wp-content\/uploads\/2025\/05\/Salle-de-bain-300x296.jpg 300w, https:\/\/normandieheritage14.com\/wp-content\/uploads\/2025\/05\/Salle-de-bain-1024x1012.jpg 1024w, https:\/\/normandieheritage14.com\/wp-content\/uploads\/2025\/05\/Salle-de-bain-768x759.jpg 768w, https:\/\/normandieheritage14.com\/wp-content\/uploads\/2025\/05\/Salle-de-bain-1536x1517.jpg 1536w, https:\/\/normandieheritage14.com\/wp-content\/uploads\/2025\/05\/Salle-de-bain-2048x2023.jpg 2048w, https:\/\/normandieheritage14.com\/wp-content\/uploads\/2025\/05\/Salle-de-bain-12x12.jpg 12w, https:\/\/normandieheritage14.com\/wp-content\/uploads\/2025\/05\/Salle-de-bain-1320x1304.jpg 1320w, https:\/\/normandieheritage14.com\/wp-content\/uploads\/2025\/05\/Salle-de-bain-600x593.jpg 600w, https:\/\/normandieheritage14.com\/wp-content\/uploads\/2025\/05\/Salle-de-bain-100x100.jpg 100w\" sizes=\"(max-width: 2560px) 100vw, 2560px\" title=\"Salle &lsquo;eau vintage\" alt=\"Salle d&#039;eau Vintage\" \t\tclass=\"so-widget-image\"\/>\n\t<\/div>\n\n<\/div><\/div><\/div><div id=\"pgc-534-6-1\"  class=\"panel-grid-cell\" ><div id=\"panel-534-6-1-0\" class=\"so-panel widget widget_sow-editor panel-first-child\" data-index=\"10\" ><div\n\t\t\t\n\t\t\tclass=\"so-widget-sow-editor so-widget-sow-editor-base\"\n\t\t\t\n\t\t>\n<div class=\"siteorigin-widget-tinymce textwidget\">\n\t<p><span style=\"color: #999999;\">Situ\u00e9e au premier \u00e9tage, la salle d\u2019eau est \u00e9quip\u00e9e d\u2019une douche, d\u2019un lavabo et de toilettes, avec une <strong data-start=\"2170\" data-end=\"2202\">robinetterie Delafon Vintage<\/strong> fid\u00e8le \u00e0 l'esprit du lieu.<\/span><\/p>\n<\/div>\n<\/div><\/div><div id=\"panel-534-6-1-1\" class=\"so-panel widget widget_sow-image panel-last-child\" data-index=\"11\" ><div\n\t\t\t\n\t\t\tclass=\"so-widget-sow-image so-widget-sow-image-default-8b5b6f678277-534\"\n\t\t\t\n\t\t>\n<div class=\"sow-image-container\">\n\t\t<img \n\tsrc=\"https:\/\/normandieheritage14.com\/wp-content\/uploads\/2025\/05\/Robineterie-scaled.jpg\" width=\"2560\" height=\"1448\" srcset=\"https:\/\/normandieheritage14.com\/wp-content\/uploads\/2025\/05\/Robineterie-scaled.jpg 2560w, https:\/\/normandieheritage14.com\/wp-content\/uploads\/2025\/05\/Robineterie-300x170.jpg 300w, https:\/\/normandieheritage14.com\/wp-content\/uploads\/2025\/05\/Robineterie-1024x579.jpg 1024w, https:\/\/normandieheritage14.com\/wp-content\/uploads\/2025\/05\/Robineterie-768x435.jpg 768w, https:\/\/normandieheritage14.com\/wp-content\/uploads\/2025\/05\/Robineterie-1536x869.jpg 1536w, https:\/\/normandieheritage14.com\/wp-content\/uploads\/2025\/05\/Robineterie-2048x1159.jpg 2048w, https:\/\/normandieheritage14.com\/wp-content\/uploads\/2025\/05\/Robineterie-18x10.jpg 18w, https:\/\/normandieheritage14.com\/wp-content\/uploads\/2025\/05\/Robineterie-1320x747.jpg 1320w, https:\/\/normandieheritage14.com\/wp-content\/uploads\/2025\/05\/Robineterie-600x339.jpg 600w\" sizes=\"(max-width: 2560px) 100vw, 2560px\" title=\"Robineterie\" alt=\"\" \t\tclass=\"so-widget-image\"\/>\n\t<\/div>\n\n<\/div><\/div><\/div><\/div><div id=\"pg-534-7\"  class=\"panel-grid panel-no-style\" ><div id=\"pgc-534-7-0\"  class=\"panel-grid-cell\" ><div id=\"panel-534-7-0-0\" class=\"so-panel widget widget_sow-editor panel-first-child panel-last-child\" data-index=\"12\" ><div\n\t\t\t\n\t\t\tclass=\"so-widget-sow-editor so-widget-sow-editor-base\"\n\t\t\t\n\t\t>\n<div class=\"siteorigin-widget-tinymce textwidget\">\n\t<hr style=\"border: 0; border-top: 1px solid #c0b7aa; margin: 30px 0;\" \/>\n<h3><span style=\"color: #999999;\">Un salon d\u2019inspiration baroque<\/span><\/h3>\n<\/div>\n<\/div><\/div><\/div><\/div><div id=\"pg-534-8\"  class=\"panel-grid panel-no-style\" ><div id=\"pgc-534-8-0\"  class=\"panel-grid-cell\" ><div id=\"panel-534-8-0-0\" class=\"so-panel widget widget_sow-image panel-first-child panel-last-child\" data-index=\"13\" ><div\n\t\t\t\n\t\t\tclass=\"so-widget-sow-image so-widget-sow-image-default-8b5b6f678277-534\"\n\t\t\t\n\t\t>\n<div class=\"sow-image-container\">\n\t\t<img \n\tsrc=\"https:\/\/normandieheritage14.com\/wp-content\/uploads\/2025\/05\/20230808_151847-scaled.jpg\" width=\"2560\" height=\"1920\" srcset=\"https:\/\/normandieheritage14.com\/wp-content\/uploads\/2025\/05\/20230808_151847-scaled.jpg 2560w, https:\/\/normandieheritage14.com\/wp-content\/uploads\/2025\/05\/20230808_151847-300x225.jpg 300w, https:\/\/normandieheritage14.com\/wp-content\/uploads\/2025\/05\/20230808_151847-1024x768.jpg 1024w, https:\/\/normandieheritage14.com\/wp-content\/uploads\/2025\/05\/20230808_151847-768x576.jpg 768w, https:\/\/normandieheritage14.com\/wp-content\/uploads\/2025\/05\/20230808_151847-1536x1152.jpg 1536w, https:\/\/normandieheritage14.com\/wp-content\/uploads\/2025\/05\/20230808_151847-2048x1536.jpg 2048w, https:\/\/normandieheritage14.com\/wp-content\/uploads\/2025\/05\/20230808_151847-16x12.jpg 16w, https:\/\/normandieheritage14.com\/wp-content\/uploads\/2025\/05\/20230808_151847-1320x990.jpg 1320w, https:\/\/normandieheritage14.com\/wp-content\/uploads\/2025\/05\/20230808_151847-600x450.jpg 600w\" sizes=\"(max-width: 2560px) 100vw, 2560px\" title=\"Salon interm\u00e9diaire\" alt=\"Salon baroque\" \t\tclass=\"so-widget-image\"\/>\n\t<\/div>\n\n<\/div><\/div><\/div><div id=\"pgc-534-8-1\"  class=\"panel-grid-cell\" ><div id=\"panel-534-8-1-0\" class=\"so-panel widget widget_sow-editor panel-first-child panel-last-child\" data-index=\"14\" ><div\n\t\t\t\n\t\t\tclass=\"so-widget-sow-editor so-widget-sow-editor-base\"\n\t\t\t\n\t\t>\n<div class=\"siteorigin-widget-tinymce textwidget\">\n\t<p><span style=\"color: #999999;\">Juste avant la salle d\u2019eau, un espace salon vous accueille avec un <strong data-start=\"2392\" data-end=\"2414\">canap\u00e9 rouge et or<\/strong> au style baroque, et un <strong data-start=\"2439\" data-end=\"2461\">canap\u00e9 convertible<\/strong> 2 places, pouvant accueillir confortablement deux h\u00f4tes suppl\u00e9mentaires.<\/span><\/p>\n<\/div>\n<\/div><\/div><\/div><\/div><div id=\"pg-534-9\"  class=\"panel-grid panel-no-style\" ><div id=\"pgc-534-9-0\"  class=\"panel-grid-cell\" ><div id=\"panel-534-9-0-0\" class=\"so-panel widget widget_sow-editor panel-first-child panel-last-child\" data-index=\"15\" ><div\n\t\t\t\n\t\t\tclass=\"so-widget-sow-editor so-widget-sow-editor-base\"\n\t\t\t\n\t\t>\n<div class=\"siteorigin-widget-tinymce textwidget\">\n\t<hr style=\"border: 0; border-top: 1px solid #c0b7aa; margin: 30px 0;\"\/>\n<ul>\n<li class=\"\" data-start=\"2604\" data-end=\"2647\">\n<p class=\"\" data-start=\"2606\" data-end=\"2647\"><span style=\"color: #999999;\">Jusqu\u2019\u00e0 <strong data-start=\"2614\" data-end=\"2629\">6 personnes<\/strong> dans les chambres<\/span><\/p>\n<\/li>\n<li class=\"\" data-start=\"2650\" data-end=\"2710\">\n<p class=\"\" data-start=\"2652\" data-end=\"2710\"><span style=\"color: #999999;\"><strong data-start=\"2652\" data-end=\"2683\">2 couchages suppl\u00e9mentaires<\/strong> dans le canap\u00e9 convertible<\/span><\/p>\n<\/li>\n<li class=\"\" data-start=\"2713\" data-end=\"2739\">\n<p class=\"\" data-start=\"2715\" data-end=\"2739\"><span style=\"color: #999999;\"><strong data-start=\"2715\" data-end=\"2727\">Lit b\u00e9b\u00e9<\/strong> sur demande<\/span><\/p>\n<\/li>\n<\/ul>\n<\/div>\n<\/div><\/div><\/div><\/div><\/div>","protected":false},"excerpt":{"rendered":"<p>Situ\u00e9 dans les \u00e9tages sup\u00e9rieurs du Moulin de la Bretonni\u00e8re, cet h\u00e9bergement atypique vous plonge dans l\u2019univers d\u2019autrefois, lorsque les sacs de bl\u00e9 montaient jusqu\u2019aux meules gr\u00e2ce aux cordages que vous retrouverez encore dans l\u2019une des chambres. Un h\u00e9bergement familial compos\u00e9 de deux chambres<\/p>","protected":false},"author":1,"featured_media":0,"parent":0,"menu_order":0,"comment_status":"closed","ping_status":"closed","template":"","meta":{"footnotes":""},"class_list":["post-534","page","type-page","status-publish","hentry","post"],"_links":{"self":[{"href":"https:\/\/normandieheritage14.com\/en\/wp-json\/wp\/v2\/pages\/534","targetHints":{"allow":["GET"]}}],"collection":[{"href":"https:\/\/normandieheritage14.com\/en\/wp-json\/wp\/v2\/pages"}],"about":[{"href":"https:\/\/normandieheritage14.com\/en\/wp-json\/wp\/v2\/types\/page"}],"author":[{"embeddable":true,"href":"https:\/\/normandieheritage14.com\/en\/wp-json\/wp\/v2\/users\/1"}],"replies":[{"embeddable":true,"href":"https:\/\/normandieheritage14.com\/en\/wp-json\/wp\/v2\/comments?post=534"}],"version-history":[{"count":11,"href":"https:\/\/normandieheritage14.com\/en\/wp-json\/wp\/v2\/pages\/534\/revisions"}],"predecessor-version":[{"id":546,"href":"https:\/\/normandieheritage14.com\/en\/wp-json\/wp\/v2\/pages\/534\/revisions\/546"}],"wp:attachment":[{"href":"https:\/\/normandieheritage14.com\/en\/wp-json\/wp\/v2\/media?parent=534"}],"curies":[{"name":"wp","href":"https:\/\/api.w.org\/{rel}","templated":true}]}}