{"id":548,"date":"2025-05-20T13:46:39","date_gmt":"2025-05-20T12:46:39","guid":{"rendered":"https:\/\/normandieheritage14.com\/?page_id=548"},"modified":"2025-05-20T16:12:45","modified_gmt":"2025-05-20T15:12:45","slug":"presentation_moulin_bretonniere","status":"publish","type":"page","link":"https:\/\/normandieheritage14.com\/en\/presentation_moulin_bretonniere\/","title":{"rendered":"Pr\u00e9sentation"},"content":{"rendered":"<div id=\"pl-548\"  class=\"panel-layout\" ><div id=\"pg-548-0\"  class=\"panel-grid panel-no-style\" ><div id=\"pgc-548-0-0\"  class=\"panel-grid-cell\" ><div id=\"panel-548-0-0-0\" class=\"so-panel widget widget_sow-image panel-first-child panel-last-child\" data-index=\"0\" ><div\n\t\t\t\n\t\t\tclass=\"so-widget-sow-image so-widget-sow-image-default-c67d20f9f743-548\"\n\t\t\t\n\t\t><h3 class=\"widget-title\"><h1 style=\"font-size:36px;color:#ffffff\">Bienvenue au Moulin de la Bretonni\u00e8re<\/h1> <p style=\"font-size:18px;color:#ffffff\">Patrimoine vivant, immersion nature et charme d\u2019antan<\/p><\/h3>\n<div class=\"sow-image-container\">\n\t\t<img \n\tsrc=\"https:\/\/normandieheritage14.com\/wp-content\/uploads\/2025\/05\/20221023_123453-scaled.jpg\" width=\"2560\" height=\"1920\" srcset=\"https:\/\/normandieheritage14.com\/wp-content\/uploads\/2025\/05\/20221023_123453-scaled.jpg 2560w, https:\/\/normandieheritage14.com\/wp-content\/uploads\/2025\/05\/20221023_123453-300x225.jpg 300w, https:\/\/normandieheritage14.com\/wp-content\/uploads\/2025\/05\/20221023_123453-1024x768.jpg 1024w, https:\/\/normandieheritage14.com\/wp-content\/uploads\/2025\/05\/20221023_123453-768x576.jpg 768w, https:\/\/normandieheritage14.com\/wp-content\/uploads\/2025\/05\/20221023_123453-1536x1152.jpg 1536w, https:\/\/normandieheritage14.com\/wp-content\/uploads\/2025\/05\/20221023_123453-2048x1536.jpg 2048w, https:\/\/normandieheritage14.com\/wp-content\/uploads\/2025\/05\/20221023_123453-16x12.jpg 16w, https:\/\/normandieheritage14.com\/wp-content\/uploads\/2025\/05\/20221023_123453-1320x990.jpg 1320w, https:\/\/normandieheritage14.com\/wp-content\/uploads\/2025\/05\/20221023_123453-600x450.jpg 600w\" sizes=\"(max-width: 2560px) 100vw, 2560px\" title=\"&lt;h1 style=&quot;font-size:36px;color:#ffffff&quot;&gt;Bienvenue au Moulin de la Bretonni&egrave;re&lt;\/h1&gt; &lt;p style=&quot;font-size:18px;color:#ffffff&quot;&gt;Patrimoine vivant, immersion nature et charme d&rsquo;antan&lt;\/p&gt;\" alt=\"Moulin de la Bretonni\u00e8re\" \t\tclass=\"so-widget-image\"\/>\n\t<\/div>\n\n<\/div><\/div><\/div><\/div><div id=\"pg-548-1\"  class=\"panel-grid panel-no-style\" ><div id=\"pgc-548-1-0\"  class=\"panel-grid-cell\" ><div id=\"panel-548-1-0-0\" class=\"so-panel widget widget_sow-editor panel-first-child panel-last-child\" data-index=\"1\" ><div\n\t\t\t\n\t\t\tclass=\"so-widget-sow-editor so-widget-sow-editor-base\"\n\t\t\t\n\t\t>\n<div class=\"siteorigin-widget-tinymce textwidget\">\n\t<p style=\"font-size: 17px;\"><span style=\"color: #999999;\">Le Moulin de la Bretonni\u00e8re vous invite \u00e0 une exp\u00e9rience authentique et ressour\u00e7ante dans un cadre exceptionnel du Bocage Normand. Blotti entre prairie et rivi\u00e8re, ce moulin datant du Moyen-Age vous accueille pour un s\u00e9jour inoubliable, au rythme de l\u2019eau et des traditions d\u2019autrefois.<\/span><\/p>\n<\/div>\n<\/div><\/div><\/div><\/div><div id=\"pg-548-2\"  class=\"panel-grid panel-no-style\" ><div id=\"pgc-548-2-0\"  class=\"panel-grid-cell\" ><div id=\"panel-548-2-0-0\" class=\"so-panel widget widget_sow-image panel-first-child panel-last-child\" data-index=\"2\" ><div\n\t\t\t\n\t\t\tclass=\"so-widget-sow-image so-widget-sow-image-default-8b5b6f678277-548\"\n\t\t\t\n\t\t>\n<div class=\"sow-image-container\">\n\t\t<img \n\tsrc=\"https:\/\/normandieheritage14.com\/wp-content\/uploads\/2025\/05\/Mecansime-scaled.jpg\" width=\"1920\" height=\"2560\" srcset=\"https:\/\/normandieheritage14.com\/wp-content\/uploads\/2025\/05\/Mecansime-scaled.jpg 1920w, https:\/\/normandieheritage14.com\/wp-content\/uploads\/2025\/05\/Mecansime-225x300.jpg 225w, https:\/\/normandieheritage14.com\/wp-content\/uploads\/2025\/05\/Mecansime-768x1024.jpg 768w, https:\/\/normandieheritage14.com\/wp-content\/uploads\/2025\/05\/Mecansime-1152x1536.jpg 1152w, https:\/\/normandieheritage14.com\/wp-content\/uploads\/2025\/05\/Mecansime-1536x2048.jpg 1536w, https:\/\/normandieheritage14.com\/wp-content\/uploads\/2025\/05\/Mecansime-9x12.jpg 9w, https:\/\/normandieheritage14.com\/wp-content\/uploads\/2025\/05\/Mecansime-1320x1760.jpg 1320w, https:\/\/normandieheritage14.com\/wp-content\/uploads\/2025\/05\/Mecansime-600x800.jpg 600w\" sizes=\"(max-width: 1920px) 100vw, 1920px\" title=\"M\u00e9cansime Moulin\" alt=\"M\u00e9canisme Moulin\" \t\tclass=\"so-widget-image\"\/>\n\t<\/div>\n\n<\/div><\/div><\/div><div id=\"pgc-548-2-1\"  class=\"panel-grid-cell\" ><div id=\"panel-548-2-1-0\" class=\"so-panel widget widget_sow-editor panel-first-child panel-last-child\" data-index=\"3\" ><div\n\t\t\t\n\t\t\tclass=\"so-widget-sow-editor so-widget-sow-editor-base\"\n\t\t\t\n\t\t>\n<div class=\"siteorigin-widget-tinymce textwidget\">\n\t<h2><span style=\"color: #999999;\">Un lieu charg\u00e9 d\u2019histoire<\/span><\/h2>\n<p><span style=\"color: #999999;\">Le moulin conserve l\u2019ensemble de son <strong>m\u00e9canisme d\u2019origine<\/strong>, t\u00e9moin d\u2019un pass\u00e9 artisanal passionnant. Entendez l\u2019eau qui s\u2019\u00e9coule sous la b\u00e2tisse et d\u00e9couvrez, juste sous vos pieds, la magie des rouages qui actionnaient jadis la meule.<\/span><\/p>\n<p><span style=\"color: #999999;\">Un cadre <strong>hors du temps<\/strong>, id\u00e9al pour se reconnecter \u00e0 l\u2019essentiel.<\/span><\/p>\n<\/div>\n<\/div><\/div><\/div><\/div><div id=\"pg-548-3\"  class=\"panel-grid panel-no-style\" ><div id=\"pgc-548-3-0\"  class=\"panel-grid-cell\" ><div id=\"panel-548-3-0-0\" class=\"so-panel widget widget_sow-editor panel-first-child panel-last-child\" data-index=\"4\" ><div\n\t\t\t\n\t\t\tclass=\"so-widget-sow-editor so-widget-sow-editor-base\"\n\t\t\t\n\t\t>\n<div class=\"siteorigin-widget-tinymce textwidget\">\n\t<h2><span style=\"color: #999999;\">Des animaux pour petits et grands<\/span><\/h2>\n<p><span style=\"color: #999999;\">Vivez l\u2019exp\u00e9rience d\u2019une <strong>mini-ferme p\u00e9dagogique<\/strong> au c\u0153ur du bocage. Nos h\u00f4tes \u00e0 quatre pattes \u2013 <strong>alpaga<\/strong>, <strong>mini-poneys shetland<\/strong>, <strong>moutons camerounais<\/strong> et <strong>poules<\/strong> en libert\u00e9 \u2013 raviront les enfants comme les parents.<\/span><\/p>\n<p><span style=\"color: #999999;\">Une immersion authentique dans un environnement pr\u00e9serv\u00e9.<\/span><\/p>\n<\/div>\n<\/div><\/div><\/div><div id=\"pgc-548-3-1\"  class=\"panel-grid-cell\" ><div id=\"panel-548-3-1-0\" class=\"so-panel widget widget_media_gallery panel-first-child panel-last-child\" data-index=\"5\" >\n\t\t<style type=\"text\/css\">\n\t\t\t#gallery-1 {\n\t\t\t\tmargin: auto;\n\t\t\t}\n\t\t\t#gallery-1 .gallery-item {\n\t\t\t\tfloat: left;\n\t\t\t\tmargin-top: 10px;\n\t\t\t\ttext-align: center;\n\t\t\t\twidth: 33%;\n\t\t\t}\n\t\t\t#gallery-1 img {\n\t\t\t\tborder: 2px solid #cfcfcf;\n\t\t\t}\n\t\t\t#gallery-1 .gallery-caption {\n\t\t\t\tmargin-left: 0;\n\t\t\t}\n\t\t\t\/* see gallery_shortcode() in wp-includes\/media.php *\/\n\t\t<\/style>\n\t\t<div id='gallery-1' class='gallery galleryid-548 gallery-columns-3 gallery-size-thumbnail'><dl class='gallery-item'>\n\t\t\t<dt class='gallery-icon portrait'>\n\t\t\t\t<a href='https:\/\/normandieheritage14.com\/en\/la-suite-seigneuriale\/20221023_124306\/#main'><img loading=\"lazy\" decoding=\"async\" width=\"150\" height=\"150\" src=\"https:\/\/normandieheritage14.com\/wp-content\/uploads\/2025\/05\/20221023_124306-150x150.jpg\" class=\"attachment-thumbnail size-thumbnail\" alt=\"\" srcset=\"https:\/\/normandieheritage14.com\/wp-content\/uploads\/2025\/05\/20221023_124306-150x150.jpg 150w, https:\/\/normandieheritage14.com\/wp-content\/uploads\/2025\/05\/20221023_124306-300x300.jpg 300w, https:\/\/normandieheritage14.com\/wp-content\/uploads\/2025\/05\/20221023_124306-100x100.jpg 100w\" sizes=\"auto, (max-width: 150px) 100vw, 150px\" \/><\/a>\n\t\t\t<\/dt><\/dl><dl class='gallery-item'>\n\t\t\t<dt class='gallery-icon portrait'>\n\t\t\t\t<a href='https:\/\/normandieheritage14.com\/en\/la-suite-seigneuriale\/20221023_124638\/#main'><img loading=\"lazy\" decoding=\"async\" width=\"150\" height=\"150\" src=\"https:\/\/normandieheritage14.com\/wp-content\/uploads\/2025\/05\/20221023_124638-150x150.jpg\" class=\"attachment-thumbnail size-thumbnail\" alt=\"\" srcset=\"https:\/\/normandieheritage14.com\/wp-content\/uploads\/2025\/05\/20221023_124638-150x150.jpg 150w, https:\/\/normandieheritage14.com\/wp-content\/uploads\/2025\/05\/20221023_124638-300x300.jpg 300w, https:\/\/normandieheritage14.com\/wp-content\/uploads\/2025\/05\/20221023_124638-100x100.jpg 100w\" sizes=\"auto, (max-width: 150px) 100vw, 150px\" \/><\/a>\n\t\t\t<\/dt><\/dl><dl class='gallery-item'>\n\t\t\t<dt class='gallery-icon portrait'>\n\t\t\t\t<a href='https:\/\/normandieheritage14.com\/en\/la-suite-seigneuriale\/20210614_191923\/#main'><img loading=\"lazy\" decoding=\"async\" width=\"150\" height=\"150\" src=\"https:\/\/normandieheritage14.com\/wp-content\/uploads\/2025\/05\/20210614_191923-150x150.jpg\" class=\"attachment-thumbnail size-thumbnail\" alt=\"Animaux Moulin\" srcset=\"https:\/\/normandieheritage14.com\/wp-content\/uploads\/2025\/05\/20210614_191923-150x150.jpg 150w, https:\/\/normandieheritage14.com\/wp-content\/uploads\/2025\/05\/20210614_191923-300x300.jpg 300w, https:\/\/normandieheritage14.com\/wp-content\/uploads\/2025\/05\/20210614_191923-100x100.jpg 100w\" sizes=\"auto, (max-width: 150px) 100vw, 150px\" \/><\/a>\n\t\t\t<\/dt><\/dl><br style=\"clear: both\" \/><dl class='gallery-item'>\n\t\t\t<dt class='gallery-icon portrait'>\n\t\t\t\t<a href='https:\/\/normandieheritage14.com\/en\/presentation_moulin_bretonniere\/20210627_115443\/#main'><img loading=\"lazy\" decoding=\"async\" width=\"150\" height=\"150\" src=\"https:\/\/normandieheritage14.com\/wp-content\/uploads\/2025\/05\/20210627_115443-150x150.jpg\" class=\"attachment-thumbnail size-thumbnail\" alt=\"\" srcset=\"https:\/\/normandieheritage14.com\/wp-content\/uploads\/2025\/05\/20210627_115443-150x150.jpg 150w, https:\/\/normandieheritage14.com\/wp-content\/uploads\/2025\/05\/20210627_115443-300x300.jpg 300w, https:\/\/normandieheritage14.com\/wp-content\/uploads\/2025\/05\/20210627_115443-100x100.jpg 100w\" sizes=\"auto, (max-width: 150px) 100vw, 150px\" \/><\/a>\n\t\t\t<\/dt><\/dl><dl class='gallery-item'>\n\t\t\t<dt class='gallery-icon portrait'>\n\t\t\t\t<a href='https:\/\/normandieheritage14.com\/en\/presentation_moulin_bretonniere\/moutons_camerounais\/#main'><img loading=\"lazy\" decoding=\"async\" width=\"150\" height=\"150\" src=\"https:\/\/normandieheritage14.com\/wp-content\/uploads\/2025\/05\/Moutons_camerounais-150x150.jpg\" class=\"attachment-thumbnail size-thumbnail\" alt=\"\" srcset=\"https:\/\/normandieheritage14.com\/wp-content\/uploads\/2025\/05\/Moutons_camerounais-150x150.jpg 150w, https:\/\/normandieheritage14.com\/wp-content\/uploads\/2025\/05\/Moutons_camerounais-11x12.jpg 11w, https:\/\/normandieheritage14.com\/wp-content\/uploads\/2025\/05\/Moutons_camerounais-300x300.jpg 300w, https:\/\/normandieheritage14.com\/wp-content\/uploads\/2025\/05\/Moutons_camerounais-100x100.jpg 100w\" sizes=\"auto, (max-width: 150px) 100vw, 150px\" \/><\/a>\n\t\t\t<\/dt><\/dl><dl class='gallery-item'>\n\t\t\t<dt class='gallery-icon landscape'>\n\t\t\t\t<a href='https:\/\/normandieheritage14.com\/en\/presentation_moulin_bretonniere\/20240408_111820\/#main'><img loading=\"lazy\" decoding=\"async\" width=\"150\" height=\"150\" src=\"https:\/\/normandieheritage14.com\/wp-content\/uploads\/2025\/05\/20240408_111820-150x150.jpg\" class=\"attachment-thumbnail size-thumbnail\" alt=\"\" srcset=\"https:\/\/normandieheritage14.com\/wp-content\/uploads\/2025\/05\/20240408_111820-150x150.jpg 150w, https:\/\/normandieheritage14.com\/wp-content\/uploads\/2025\/05\/20240408_111820-300x300.jpg 300w, https:\/\/normandieheritage14.com\/wp-content\/uploads\/2025\/05\/20240408_111820-100x100.jpg 100w\" sizes=\"auto, (max-width: 150px) 100vw, 150px\" \/><\/a>\n\t\t\t<\/dt><\/dl><br style=\"clear: both\" \/><dl class='gallery-item'>\n\t\t\t<dt class='gallery-icon landscape'>\n\t\t\t\t<a href='https:\/\/normandieheritage14.com\/en\/presentation_moulin_bretonniere\/20240511_140213\/#main'><img loading=\"lazy\" decoding=\"async\" width=\"150\" height=\"150\" src=\"https:\/\/normandieheritage14.com\/wp-content\/uploads\/2025\/05\/20240511_140213-150x150.jpg\" class=\"attachment-thumbnail size-thumbnail\" alt=\"\" srcset=\"https:\/\/normandieheritage14.com\/wp-content\/uploads\/2025\/05\/20240511_140213-150x150.jpg 150w, https:\/\/normandieheritage14.com\/wp-content\/uploads\/2025\/05\/20240511_140213-300x300.jpg 300w, https:\/\/normandieheritage14.com\/wp-content\/uploads\/2025\/05\/20240511_140213-100x100.jpg 100w\" sizes=\"auto, (max-width: 150px) 100vw, 150px\" \/><\/a>\n\t\t\t<\/dt><\/dl><dl class='gallery-item'>\n\t\t\t<dt class='gallery-icon landscape'>\n\t\t\t\t<a href='https:\/\/normandieheritage14.com\/en\/presentation_moulin_bretonniere\/20240109_161100\/#main'><img loading=\"lazy\" decoding=\"async\" width=\"150\" height=\"150\" src=\"https:\/\/normandieheritage14.com\/wp-content\/uploads\/2025\/05\/20240109_161100-150x150.jpg\" class=\"attachment-thumbnail size-thumbnail\" alt=\"\" srcset=\"https:\/\/normandieheritage14.com\/wp-content\/uploads\/2025\/05\/20240109_161100-150x150.jpg 150w, https:\/\/normandieheritage14.com\/wp-content\/uploads\/2025\/05\/20240109_161100-300x300.jpg 300w, https:\/\/normandieheritage14.com\/wp-content\/uploads\/2025\/05\/20240109_161100-100x100.jpg 100w\" sizes=\"auto, (max-width: 150px) 100vw, 150px\" \/><\/a>\n\t\t\t<\/dt><\/dl><dl class='gallery-item'>\n\t\t\t<dt class='gallery-icon landscape'>\n\t\t\t\t<a href='https:\/\/normandieheritage14.com\/en\/presentation_moulin_bretonniere\/20240414_093916\/#main'><img loading=\"lazy\" decoding=\"async\" width=\"150\" height=\"150\" src=\"https:\/\/normandieheritage14.com\/wp-content\/uploads\/2025\/05\/20240414_093916-150x150.jpg\" class=\"attachment-thumbnail size-thumbnail\" alt=\"\" srcset=\"https:\/\/normandieheritage14.com\/wp-content\/uploads\/2025\/05\/20240414_093916-150x150.jpg 150w, https:\/\/normandieheritage14.com\/wp-content\/uploads\/2025\/05\/20240414_093916-300x300.jpg 300w, https:\/\/normandieheritage14.com\/wp-content\/uploads\/2025\/05\/20240414_093916-100x100.jpg 100w\" sizes=\"auto, (max-width: 150px) 100vw, 150px\" \/><\/a>\n\t\t\t<\/dt><\/dl><br style=\"clear: both\" \/><dl class='gallery-item'>\n\t\t\t<dt class='gallery-icon landscape'>\n\t\t\t\t<a href='https:\/\/normandieheritage14.com\/en\/presentation_moulin_bretonniere\/20240414_093932\/#main'><img loading=\"lazy\" decoding=\"async\" width=\"150\" height=\"150\" src=\"https:\/\/normandieheritage14.com\/wp-content\/uploads\/2025\/05\/20240414_093932-150x150.jpg\" class=\"attachment-thumbnail size-thumbnail\" alt=\"\" srcset=\"https:\/\/normandieheritage14.com\/wp-content\/uploads\/2025\/05\/20240414_093932-150x150.jpg 150w, https:\/\/normandieheritage14.com\/wp-content\/uploads\/2025\/05\/20240414_093932-300x300.jpg 300w, https:\/\/normandieheritage14.com\/wp-content\/uploads\/2025\/05\/20240414_093932-100x100.jpg 100w\" sizes=\"auto, (max-width: 150px) 100vw, 150px\" \/><\/a>\n\t\t\t<\/dt><\/dl><dl class='gallery-item'>\n\t\t\t<dt class='gallery-icon portrait'>\n\t\t\t\t<a href='https:\/\/normandieheritage14.com\/en\/presentation_moulin_bretonniere\/20250425_180500-2\/#main'><img loading=\"lazy\" decoding=\"async\" width=\"150\" height=\"150\" src=\"https:\/\/normandieheritage14.com\/wp-content\/uploads\/2025\/05\/20250425_180500-1-150x150.jpg\" class=\"attachment-thumbnail size-thumbnail\" alt=\"\" srcset=\"https:\/\/normandieheritage14.com\/wp-content\/uploads\/2025\/05\/20250425_180500-1-150x150.jpg 150w, https:\/\/normandieheritage14.com\/wp-content\/uploads\/2025\/05\/20250425_180500-1-300x300.jpg 300w, https:\/\/normandieheritage14.com\/wp-content\/uploads\/2025\/05\/20250425_180500-1-100x100.jpg 100w\" sizes=\"auto, (max-width: 150px) 100vw, 150px\" \/><\/a>\n\t\t\t<\/dt><\/dl><dl class='gallery-item'>\n\t\t\t<dt class='gallery-icon landscape'>\n\t\t\t\t<a href='https:\/\/normandieheritage14.com\/en\/presentation_moulin_bretonniere\/alf-hiver\/#main'><img loading=\"lazy\" decoding=\"async\" width=\"150\" height=\"150\" src=\"https:\/\/normandieheritage14.com\/wp-content\/uploads\/2025\/05\/Alf-Hiver-150x150.jpg\" class=\"attachment-thumbnail size-thumbnail\" alt=\"\" srcset=\"https:\/\/normandieheritage14.com\/wp-content\/uploads\/2025\/05\/Alf-Hiver-150x150.jpg 150w, https:\/\/normandieheritage14.com\/wp-content\/uploads\/2025\/05\/Alf-Hiver-300x300.jpg 300w, https:\/\/normandieheritage14.com\/wp-content\/uploads\/2025\/05\/Alf-Hiver-100x100.jpg 100w\" sizes=\"auto, (max-width: 150px) 100vw, 150px\" \/><\/a>\n\t\t\t<\/dt><\/dl><br style=\"clear: both\" \/>\n\t\t<\/div>\n<\/div><\/div><\/div><div id=\"pg-548-4\"  class=\"panel-grid panel-no-style\" ><div id=\"pgc-548-4-0\"  class=\"panel-grid-cell\" ><div id=\"panel-548-4-0-0\" class=\"so-panel widget widget_sow-editor panel-first-child panel-last-child\" data-index=\"6\" ><div\n\t\t\t\n\t\t\tclass=\"so-widget-sow-editor so-widget-sow-editor-base\"\n\t\t\t\n\t\t>\n<div class=\"siteorigin-widget-tinymce textwidget\">\n\t<h2><span style=\"color: #999999;\">Un h\u00e9bergement respectueux de l\u2019environnement<\/span><\/h2>\n<ul style=\"font-size: 16px; line-height: 1.7;\">\n<li style=\"list-style-type: none;\">\n<ul style=\"font-size: 16px; line-height: 1.7;\">\n<li style=\"list-style-type: none;\">\n<ul style=\"font-size: 16px; line-height: 1.7;\">\n<li><span style=\"color: #999999;\">\ud83c\udf3f Pompe \u00e0 chaleur air-eau pour un chauffage \u00e9conome<\/span><\/li>\n<li><span style=\"color: #999999;\">\ud83d\udd25 Feu de bois d\u2019appoint pour un confort chaleureux<\/span><\/li>\n<li><span style=\"color: #999999;\">\u267b\ufe0f Recyclage alimentaire pour nourrir les poules (z\u00e9ro gaspillage)<\/span><\/li>\n<li><span style=\"color: #999999;\">\u2600\ufe0f S\u00e9chage du linge en plein air<\/span><\/li>\n<li><span style=\"color: #999999;\">\u26a1 Borne de recharge pour v\u00e9hicules \u00e9lectriques<\/span><\/li>\n<li><span style=\"color: #999999;\">\ud83c\udf31 Produits m\u00e9nagers \u00e9cologiques &amp; gestion raisonn\u00e9e de l\u2019eau<\/span><\/li>\n<li><span style=\"color: #999999;\">\ud83c\udf4f Confitures, jus de pomme &amp; produits locaux faits maison<\/span><\/li>\n<\/ul>\n<\/li>\n<\/ul>\n<\/li>\n<\/ul>\n<\/div>\n<\/div><\/div><\/div><\/div><div id=\"pg-548-5\"  class=\"panel-grid panel-no-style\" ><div id=\"pgc-548-5-0\"  class=\"panel-grid-cell\" ><div id=\"panel-548-5-0-0\" class=\"so-panel widget widget_sow-button panel-first-child panel-last-child\" data-index=\"7\" ><div\n\t\t\t\n\t\t\tclass=\"so-widget-sow-button so-widget-sow-button-flat-36e22cfc6189-548\"\n\t\t\t\n\t\t><div class=\"ow-button-base ow-button-align-center\"\n>\n\t\t\t<a\n\t\t\t\t\thref=\"https:\/\/normandieheritage14.com\/en\/la-suite-seigneuriale\/\"\n\t\t\t\t\tclass=\"sowb-button ow-icon-placement-left ow-button-hover\" \t>\n\t\t<span>\n\t\t\t<span class=\"sow-icon-materialicons sowm-regular\" data-sow-icon=\"&#xe53a\"\n\t\tstyle=\"color: #ffffff\" \n\t\taria-hidden=\"true\"><\/span>\n\t\t\t<a class=\"button\" href=\"https:\/\/normandieheritage14.com\/en\/la-suite-seigneuriale\/\">D\u00e9couvrir la Suite Seigneuriale<\/a> \t\t<\/span>\n\t\t\t<\/a>\n\t<\/div>\n<\/div><\/div><\/div><div id=\"pgc-548-5-1\"  class=\"panel-grid-cell\" ><div id=\"panel-548-5-1-0\" class=\"so-panel widget widget_sow-button panel-first-child panel-last-child\" data-index=\"8\" ><div\n\t\t\t\n\t\t\tclass=\"so-widget-sow-button so-widget-sow-button-flat-36e22cfc6189-548\"\n\t\t\t\n\t\t><div class=\"ow-button-base ow-button-align-center\"\n>\n\t\t\t<a\n\t\t\t\t\thref=\"https:\/\/normandieheritage14.com\/en\/les-hautes-loges-du-meunier\/\"\n\t\t\t\t\tclass=\"sowb-button ow-icon-placement-left ow-button-hover\" \t>\n\t\t<span>\n\t\t\t<span class=\"sow-icon-materialicons sowm-regular\" data-sow-icon=\"&#xe53a\"\n\t\tstyle=\"color: #ffffff\" \n\t\taria-hidden=\"true\"><\/span>\n\t\t\t<a class=\"button\" href=\"https:\/\/normandieheritage14.com\/en\/les-hautes-loges-du-meunier\/\">D\u00e9couvrir les Hautes-Loges du Meunier<\/a>\t\t<\/span>\n\t\t\t<\/a>\n\t<\/div>\n<\/div><\/div><\/div><\/div><div id=\"pg-548-6\"  class=\"panel-grid panel-no-style\" ><div id=\"pgc-548-6-0\"  class=\"panel-grid-cell\" ><div id=\"panel-548-6-0-0\" class=\"so-panel widget widget_sow-editor panel-first-child panel-last-child\" data-index=\"9\" ><div\n\t\t\t\n\t\t\tclass=\"so-widget-sow-editor so-widget-sow-editor-base\"\n\t\t\t\n\t\t>\n<div class=\"siteorigin-widget-tinymce textwidget\">\n\t<h3><span style=\"color: #999999;\">Pr\u00eats \u00e0 vivre l\u2019exp\u00e9rience unique du Moulin ?<\/span><\/h3>\n<p><a class=\"button\" href=\"https:\/\/normandieheritage14.com\/en\/tarifs-reservations\/\">Voir les tarifs &amp; r\u00e9server<\/a><\/p>\n<\/div>\n<\/div><\/div><\/div><\/div><\/div>","protected":false},"excerpt":{"rendered":"<p>Le Moulin de la Bretonni\u00e8re vous invite \u00e0 une exp\u00e9rience authentique et ressour\u00e7ante dans un cadre exceptionnel du Bocage Normand. Blotti entre prairie et rivi\u00e8re, ce moulin datant du Moyen-Age vous accueille pour un s\u00e9jour inoubliable, au rythme de l\u2019eau et des traditions d\u2019autrefois.<\/p>","protected":false},"author":1,"featured_media":0,"parent":0,"menu_order":0,"comment_status":"closed","ping_status":"closed","template":"","meta":{"footnotes":""},"class_list":["post-548","page","type-page","status-publish","hentry","post"],"_links":{"self":[{"href":"https:\/\/normandieheritage14.com\/en\/wp-json\/wp\/v2\/pages\/548","targetHints":{"allow":["GET"]}}],"collection":[{"href":"https:\/\/normandieheritage14.com\/en\/wp-json\/wp\/v2\/pages"}],"about":[{"href":"https:\/\/normandieheritage14.com\/en\/wp-json\/wp\/v2\/types\/page"}],"author":[{"embeddable":true,"href":"https:\/\/normandieheritage14.com\/en\/wp-json\/wp\/v2\/users\/1"}],"replies":[{"embeddable":true,"href":"https:\/\/normandieheritage14.com\/en\/wp-json\/wp\/v2\/comments?post=548"}],"version-history":[{"count":10,"href":"https:\/\/normandieheritage14.com\/en\/wp-json\/wp\/v2\/pages\/548\/revisions"}],"predecessor-version":[{"id":574,"href":"https:\/\/normandieheritage14.com\/en\/wp-json\/wp\/v2\/pages\/548\/revisions\/574"}],"wp:attachment":[{"href":"https:\/\/normandieheritage14.com\/en\/wp-json\/wp\/v2\/media?parent=548"}],"curies":[{"name":"wp","href":"https:\/\/api.w.org\/{rel}","templated":true}]}}