{"id":756,"date":"2025-09-03T20:16:29","date_gmt":"2025-09-03T19:16:29","guid":{"rendered":"https:\/\/normandieheritage14.com\/?page_id=756"},"modified":"2025-09-03T20:26:26","modified_gmt":"2025-09-03T19:26:26","slug":"disponibilites-moulin-bretonniere-cottage-du-marais","status":"publish","type":"page","link":"https:\/\/normandieheritage14.com\/en\/disponibilites-moulin-bretonniere-cottage-du-marais\/","title":{"rendered":"Disponibilit\u00e9s Moulin de la Bretonni\u00e8re &#8211; Cottage du Marais"},"content":{"rendered":"<h2><strong>Moulin de la Bretonni\u00e8re &#8211; Suite Seigneuriale<\/strong><\/h2>\n<p><iframe loading=\"lazy\" style=\"border: solid 1px #777;\" src=\"https:\/\/calendar.google.com\/calendar\/embed?height=600&amp;wkst=1&amp;ctz=Europe%2FParis&amp;showPrint=0&amp;title=Disponibilit%C3%A9%20Moulin%20Suite%20Seigneuriale&amp;src=ZTRkaHFkczkxZjk5bXFtM2pkam4xbzVmbmY4OWpnZjNAaW1wb3J0LmNhbGVuZGFyLmdvb2dsZS5jb20&amp;src=dnFpbGoyMHVmNDNtNjBqOXJiMGRkaWUwZjJuZG0ycDdAaW1wb3J0LmNhbGVuZGFyLmdvb2dsZS5jb20&amp;color=%237cb342&amp;color=%23ef6c00\" width=\"800\" height=\"600\" frameborder=\"0\" scrolling=\"no\"><\/iframe><\/p>\n<p>&nbsp;<\/p>\n<h2><strong>G\u00eete cottage du Marais<\/strong><\/h2>\n<p><iframe loading=\"lazy\" style=\"border: solid 1px #777;\" src=\"https:\/\/calendar.google.com\/calendar\/embed?height=600&amp;wkst=1&amp;ctz=Europe%2FParis&amp;showPrint=0&amp;title=Cottage%20Du%20Marais&amp;src=bm9ybWFuZGllaGVyaXRhZ2UxNEBnbWFpbC5jb20&amp;src=cXZucTM4ODIxbGFuM2lyc3U3aXVkc291YWhpZjNrdDZAaW1wb3J0LmNhbGVuZGFyLmdvb2dsZS5jb20&amp;color=%23039be5&amp;color=%23b39ddb\" width=\"800\" height=\"600\" frameborder=\"0\" scrolling=\"no\"><\/iframe><\/p>","protected":false},"excerpt":{"rendered":"<p>Moulin de la Bretonni\u00e8re &#8211; Suite Seigneuriale &nbsp; G\u00eete cottage du Marais<\/p>","protected":false},"author":1,"featured_media":0,"parent":0,"menu_order":0,"comment_status":"closed","ping_status":"closed","template":"","meta":{"footnotes":""},"class_list":["post-756","page","type-page","status-publish","hentry","post"],"_links":{"self":[{"href":"https:\/\/normandieheritage14.com\/en\/wp-json\/wp\/v2\/pages\/756","targetHints":{"allow":["GET"]}}],"collection":[{"href":"https:\/\/normandieheritage14.com\/en\/wp-json\/wp\/v2\/pages"}],"about":[{"href":"https:\/\/normandieheritage14.com\/en\/wp-json\/wp\/v2\/types\/page"}],"author":[{"embeddable":true,"href":"https:\/\/normandieheritage14.com\/en\/wp-json\/wp\/v2\/users\/1"}],"replies":[{"embeddable":true,"href":"https:\/\/normandieheritage14.com\/en\/wp-json\/wp\/v2\/comments?post=756"}],"version-history":[{"count":3,"href":"https:\/\/normandieheritage14.com\/en\/wp-json\/wp\/v2\/pages\/756\/revisions"}],"predecessor-version":[{"id":760,"href":"https:\/\/normandieheritage14.com\/en\/wp-json\/wp\/v2\/pages\/756\/revisions\/760"}],"wp:attachment":[{"href":"https:\/\/normandieheritage14.com\/en\/wp-json\/wp\/v2\/media?parent=756"}],"curies":[{"name":"wp","href":"https:\/\/api.w.org\/{rel}","templated":true}]}}